{"id":990,"date":"2023-11-30T18:00:54","date_gmt":"2023-11-30T17:00:54","guid":{"rendered":"https:\/\/demlp-renovation.fr\/?page_id=990"},"modified":"2023-12-17T22:34:40","modified_gmt":"2023-12-17T21:34:40","slug":"terrasses-bois","status":"publish","type":"page","link":"https:\/\/demlp-renovation.fr\/index.php\/terrasses-bois\/","title":{"rendered":"Terrasses bois"},"content":{"rendered":"<div data-colibri-id=\"990-c1\" class=\"style-915 style-local-990-c1 position-relative\">\n  <!---->\n  <div data-colibri-component=\"section\" data-colibri-id=\"990-c2\" id=\"content\" class=\"h-section h-section-global-spacing d-flex align-items-lg-center align-items-md-center align-items-center style-916 style-local-990-c2 position-relative\">\n    <div class=\"background-wrapper\">\n      <div class=\"background-layer background-layer-media-container-lg\">\n        <!---->\n        <div class=\"overlay-layer\">\n          <div class=\"overlay-image-layer\" style=\"background-color: rgb(0, 0, 0); opacity: 0.5;\"><\/div>\n          <div class=\"shape-layer colibri-shape-two-circles\" style=\"background-position: center center; background-size: cover; background-repeat: no-repeat; filter: invert(0%);\"><\/div>\n        <\/div>\n      <\/div>\n      <div class=\"background-layer background-layer-media-container-md\">\n        <!---->\n        <div class=\"overlay-layer\">\n          <div class=\"overlay-image-layer\" style=\"background-color: rgb(0, 0, 0); opacity: 0.5;\"><\/div>\n          <div class=\"shape-layer colibri-shape-two-circles\" style=\"background-position: center center; background-size: cover; background-repeat: no-repeat; filter: invert(0%);\"><\/div>\n        <\/div>\n      <\/div>\n      <div class=\"background-layer background-layer-media-container\">\n        <!---->\n        <div class=\"overlay-layer\">\n          <div class=\"overlay-image-layer\" style=\"background-color: rgb(0, 0, 0); opacity: 0.5;\"><\/div>\n          <div class=\"shape-layer colibri-shape-two-circles\" style=\"background-position: center center; background-size: cover; background-repeat: no-repeat; filter: invert(0%);\"><\/div>\n        <\/div>\n      <\/div>\n    <\/div>\n    <!---->\n    <div class=\"h-section-grid-container h-section-boxed-container\">\n      <!---->\n      <div data-colibri-id=\"990-c3\" class=\"h-row-container gutters-row-lg-0 gutters-row-md-0 gutters-row-2 gutters-row-v-lg-0 gutters-row-v-md-0 gutters-row-v-0 style-917 style-local-990-c3 position-relative\">\n        <!---->\n        <div class=\"h-row justify-content-lg-center justify-content-md-center justify-content-center align-items-lg-stretch align-items-md-stretch align-items-stretch gutters-col-lg-0 gutters-col-md-0 gutters-col-2 gutters-col-v-lg-0 gutters-col-v-md-0 gutters-col-v-0\">\n          <!---->\n          <div class=\"h-column h-column-container d-flex h-col-lg-auto h-col-md-auto h-col-auto style-918-outer style-local-990-c4-outer\">\n            <div data-colibri-id=\"990-c4\" class=\"d-flex h-flex-basis h-column__inner h-ui-empty-state-container h-px-lg-0 h-px-md-0 h-px-0 v-inner-lg-0 v-inner-md-0 v-inner-0 style-918 style-local-990-c4 position-relative\">\n              <!---->\n              <!---->\n              <div class=\"w-100 h-y-container h-column__content h-column__v-align flex-basis-100\">\n                <!---->\n              <\/div>\n            <\/div>\n          <\/div>\n          <div class=\"h-column h-column-container d-flex h-col-lg-auto h-col-md-auto h-col-auto style-919-outer style-local-990-c5-outer\">\n            <div data-colibri-id=\"990-c5\" class=\"d-flex h-flex-basis h-column__inner h-px-lg-2 h-px-md-2 h-px-0 v-inner-lg-2 v-inner-md-2 v-inner-0 style-919 style-local-990-c5 position-relative\">\n              <!---->\n              <!---->\n              <div class=\"w-100 h-y-container h-column__content h-column__v-align flex-basis-100 align-self-lg-center align-self-md-center align-self-center\">\n                <!---->\n                <div data-colibri-id=\"990-c9\" class=\"h-global-transition-all h-heading style-1090 style-local-990-c9 position-relative h-element\">\n                  <!---->\n                  <div class=\"h-heading__outer style-1090 style-local-990-c9\">\n                    <!---->\n                    <!---->\n                    <h2 class=\"\"><em>MA\u00ceTRISE DE CONCEPTION<br><\/em><\/h2>\n                  <\/div>\n                <\/div>\n                <div data-colibri-id=\"990-c6\" class=\"h-lead h-text h-text-component style-920 style-local-990-c6 position-relative h-element\">\n                  <!---->\n                  <!---->\n                  <div class=\"\">\n                    <p>Nous avons \u00e0 c\u0153ur de concevoir, de construire et de r\u00e9nover des terrasses en bois pour cr\u00e9er des espaces ext\u00e9rieurs \u00e9l\u00e9gants et fonctionnels. Sp\u00e9cialis\u00e9e dans la conception sur mesure, la construction et la r\u00e9paration de terrasses\n                      en bois, l&rsquo;\u00e9quipe qualifi\u00e9e de DEMLP excelle dans la manipulation de divers types de bois pour r\u00e9aliser des projets de toutes tailles et de toutes formes.<\/p>\n                    <p>Les services de DEMLP couvrent un large \u00e9ventail de besoins en mati\u00e8re de terrasses en bois. Que ce soit pour cr\u00e9er des terrasses sur mesure, restaurer des structures existantes, ou proposer des solutions durables et esth\u00e9tiques, l&rsquo;entreprise\n                      offre des solutions adapt\u00e9es \u00e0 chaque style architectural et exigence particuli\u00e8re.<\/p>\n                  <\/div>\n                <\/div>\n                <div data-colibri-id=\"990-c10\" class=\"h-global-transition-all h-heading style-1091 style-local-990-c10 position-relative h-element\">\n                  <!---->\n                  <div class=\"h-heading__outer style-1091 style-local-990-c10\">\n                    <!---->\n                    <!---->\n                    <h2 class=\"\"><em>BOIS DE QUALITE<br><\/em><\/h2>\n                  <\/div>\n                <\/div>\n                <div data-colibri-id=\"990-c11\" class=\"h-text h-text-component style-1092 style-local-990-c11 position-relative h-element\">\n                  <!---->\n                  <!---->\n                  <div class=\"\">\n                    <p>La valeur ajout\u00e9e de DEMLP r\u00e9side dans sa ma\u00eetrise des techniques modernes de construction et de finition des terrasses en bois. L&rsquo;entreprise utilise des m\u00e9thodes innovantes, des mat\u00e9riaux de qualit\u00e9 sup\u00e9rieure et une expertise sp\u00e9cialis\u00e9e\n                      pour garantir des r\u00e9sultats exceptionnels, pr\u00e9servant la beaut\u00e9 naturelle et la durabilit\u00e9 des terrasses en bois.<\/p>\n                    <p>Outre son expertise technique, DEMLP accorde une grande importance \u00e0 la satisfaction du client. Chaque projet est r\u00e9alis\u00e9 avec un engagement total envers la qualit\u00e9 du travail, la pr\u00e9cision des finitions et la r\u00e9alisation des attentes\n                      sp\u00e9cifiques du client en termes de design et de fonctionnalit\u00e9.<\/p>\n                    <p>La s\u00e9curit\u00e9 est une priorit\u00e9 majeure pour DEMLP. L&rsquo;entreprise met en place des protocoles rigoureux pour garantir la s\u00e9curit\u00e9 de son personnel, des clients et des lieux de travail pendant chaque op\u00e9ration sur les terrasses en bois.<\/p>\n                  <\/div>\n                <\/div>\n                <div data-colibri-id=\"990-c12\" class=\"h-global-transition-all h-heading style-1093 style-local-990-c12 position-relative h-element\">\n                  <!---->\n                  <div class=\"h-heading__outer style-1093 style-local-990-c12\">\n                    <!---->\n                    <!---->\n                    <h2 class=\"\"><em>COMMUNICATION CLIENT<br><\/em><\/h2>\n                  <\/div>\n                <\/div>\n                <div data-colibri-id=\"990-c13\" class=\"h-text h-text-component style-1094 style-local-990-c13 position-relative h-element\">\n                  <!---->\n                  <!---->\n                  <div class=\"\">\n                    <p>DEMLP entretient des relations solides avec ses clients gr\u00e2ce \u00e0 une communication transparente et une approche collaborative. L&rsquo;\u00e9quipe travaille en \u00e9troite collaboration avec les clients pour comprendre leurs besoins sp\u00e9cifiques et\n                      offrir des solutions personnalis\u00e9es qui d\u00e9passent leurs attentes.<\/p>\n                    <p>En conclusion, DEMLP demeure un leader dans les travaux sur les terrasses en bois. Gr\u00e2ce \u00e0 son expertise technique, son engagement envers la qualit\u00e9 du service et la satisfaction du client, ainsi que sa volont\u00e9 constante de maintenir\n                      des normes \u00e9lev\u00e9es, l&rsquo;entreprise continue de d\u00e9finir de nouveaux standards dans le domaine de la construction et de la r\u00e9novation des terrasses en bois.<\/p>\n                  <\/div>\n                <\/div>\n                <div data-colibri-id=\"990-c7\" class=\"h-x-container style-921 style-local-990-c7 position-relative h-element\">\n                  <!---->\n                  <div class=\"h-x-container-inner style-dynamic-990-c7-group style-921-spacing style-local-990-c7-spacing\"><span class=\"h-button__outer style-922-outer style-local-990-c8-outer d-inline-flex h-element\"><a h-use-smooth-scroll=\"true\" href=\"https:\/\/demlp-renovation.fr\/index.php\/exterieur-2\/\"  data-colibri-id=\"990-c8\" class=\"d-flex w-100 align-items-center h-button justify-content-lg-center justify-content-md-center justify-content-center style-922 style-local-990-c8 position-relative\"><!----><!----> <span>DEMANDEZ VOTRE DEVIS<\/span><\/a>\n                    <\/span>\n                  <\/div>\n                <\/div>\n              <\/div>\n            <\/div>\n          <\/div>\n        <\/div>\n      <\/div>\n    <\/div>\n  <\/div>\n<\/div>","protected":false},"excerpt":{"rendered":"<p>MA\u00ceTRISE DE CONCEPTION Nous avons \u00e0 c\u0153ur de concevoir, de construire et de r\u00e9nover des terrasses en bois pour cr\u00e9er des espaces ext\u00e9rieurs \u00e9l\u00e9gants et fonctionnels. Sp\u00e9cialis\u00e9e dans la conception sur mesure, la construction et la r\u00e9paration de terrasses en bois, l&rsquo;\u00e9quipe qualifi\u00e9e de DEMLP excelle dans la manipulation de divers types de bois pour [&hellip;]<\/p>\n","protected":false},"author":1,"featured_media":0,"parent":0,"menu_order":0,"comment_status":"closed","ping_status":"closed","template":"page-templates\/full-width-page.php","meta":{"footnotes":""},"class_list":["post-990","page","type-page","status-publish","hentry"],"_links":{"self":[{"href":"https:\/\/demlp-renovation.fr\/index.php\/wp-json\/wp\/v2\/pages\/990","targetHints":{"allow":["GET"]}}],"collection":[{"href":"https:\/\/demlp-renovation.fr\/index.php\/wp-json\/wp\/v2\/pages"}],"about":[{"href":"https:\/\/demlp-renovation.fr\/index.php\/wp-json\/wp\/v2\/types\/page"}],"author":[{"embeddable":true,"href":"https:\/\/demlp-renovation.fr\/index.php\/wp-json\/wp\/v2\/users\/1"}],"replies":[{"embeddable":true,"href":"https:\/\/demlp-renovation.fr\/index.php\/wp-json\/wp\/v2\/comments?post=990"}],"version-history":[{"count":3,"href":"https:\/\/demlp-renovation.fr\/index.php\/wp-json\/wp\/v2\/pages\/990\/revisions"}],"predecessor-version":[{"id":1396,"href":"https:\/\/demlp-renovation.fr\/index.php\/wp-json\/wp\/v2\/pages\/990\/revisions\/1396"}],"wp:attachment":[{"href":"https:\/\/demlp-renovation.fr\/index.php\/wp-json\/wp\/v2\/media?parent=990"}],"curies":[{"name":"wp","href":"https:\/\/api.w.org\/{rel}","templated":true}]}}