{"id":924,"date":"2023-11-25T15:45:17","date_gmt":"2023-11-25T14:45:17","guid":{"rendered":"https:\/\/demlp-renovation.fr\/?page_id=924"},"modified":"2023-12-17T22:30:35","modified_gmt":"2023-12-17T21:30:35","slug":"maconnerie-2","status":"publish","type":"page","link":"https:\/\/demlp-renovation.fr\/index.php\/maconnerie-2\/","title":{"rendered":"Ma\u00e7onnerie"},"content":{"rendered":"<div data-colibri-id=\"924-c1\" class=\"style-875 style-local-924-c1 position-relative\">\n  <!---->\n  <div data-colibri-component=\"section\" data-colibri-id=\"924-c2\" id=\"content\" class=\"h-section h-section-global-spacing d-flex align-items-lg-center align-items-md-center align-items-center style-876 style-local-924-c2 position-relative\">\n    <div class=\"background-wrapper\">\n      <div class=\"background-layer background-layer-media-container-lg\">\n        <!---->\n        <div class=\"overlay-layer\">\n          <div class=\"overlay-image-layer\" style=\"background-color: rgb(0, 0, 0); opacity: 0.5;\"><\/div>\n          <div class=\"shape-layer colibri-shape-two-circles\" style=\"background-position: center center; background-size: cover; background-repeat: no-repeat; filter: invert(0%);\"><\/div>\n        <\/div>\n      <\/div>\n      <div class=\"background-layer background-layer-media-container-md\">\n        <!---->\n        <div class=\"overlay-layer\">\n          <div class=\"overlay-image-layer\" style=\"background-color: rgb(0, 0, 0); opacity: 0.5;\"><\/div>\n          <div class=\"shape-layer colibri-shape-two-circles\" style=\"background-position: center center; background-size: cover; background-repeat: no-repeat; filter: invert(0%);\"><\/div>\n        <\/div>\n      <\/div>\n      <div class=\"background-layer background-layer-media-container\">\n        <!---->\n        <div class=\"overlay-layer\">\n          <div class=\"overlay-image-layer\" style=\"background-color: rgb(0, 0, 0); opacity: 0.5;\"><\/div>\n          <div class=\"shape-layer colibri-shape-two-circles\" style=\"background-position: center center; background-size: cover; background-repeat: no-repeat; filter: invert(0%);\"><\/div>\n        <\/div>\n      <\/div>\n    <\/div>\n    <!---->\n    <div class=\"h-section-grid-container h-section-boxed-container\">\n      <!---->\n      <div data-colibri-id=\"924-c3\" class=\"h-row-container gutters-row-lg-0 gutters-row-md-0 gutters-row-2 gutters-row-v-lg-0 gutters-row-v-md-0 gutters-row-v-0 style-877 style-local-924-c3 position-relative\">\n        <!---->\n        <div class=\"h-row justify-content-lg-center justify-content-md-center justify-content-center align-items-lg-stretch align-items-md-stretch align-items-stretch gutters-col-lg-0 gutters-col-md-0 gutters-col-2 gutters-col-v-lg-0 gutters-col-v-md-0 gutters-col-v-0\">\n          <!---->\n          <div class=\"h-column h-column-container d-flex h-col-lg-auto h-col-md-auto h-col-auto style-878-outer style-local-924-c4-outer\">\n            <div data-colibri-id=\"924-c4\" class=\"d-flex h-flex-basis h-column__inner h-ui-empty-state-container h-px-lg-0 h-px-md-0 h-px-0 v-inner-lg-0 v-inner-md-0 v-inner-0 style-878 style-local-924-c4 position-relative\">\n              <!---->\n              <!---->\n              <div class=\"w-100 h-y-container h-column__content h-column__v-align flex-basis-100\">\n                <!---->\n              <\/div>\n            <\/div>\n          <\/div>\n          <div class=\"h-column h-column-container d-flex h-col-lg-auto h-col-md-auto h-col-auto style-879-outer style-local-924-c5-outer\">\n            <div data-colibri-id=\"924-c5\" class=\"d-flex h-flex-basis h-column__inner h-px-lg-2 h-px-md-2 h-px-0 v-inner-lg-2 v-inner-md-2 v-inner-0 style-879 style-local-924-c5 position-relative\">\n              <!---->\n              <!---->\n              <div class=\"w-100 h-y-container h-column__content h-column__v-align flex-basis-100 align-self-lg-center align-self-md-center align-self-center\">\n                <!---->\n                <div data-colibri-id=\"924-c9\" class=\"h-global-transition-all h-heading style-1080 style-local-924-c9 position-relative h-element\">\n                  <!---->\n                  <div class=\"h-heading__outer style-1080 style-local-924-c9\">\n                    <!---->\n                    <!---->\n                    <h2 class=\"\"><em>MA\u00ceTRISE DE CHANTIER<br><\/em><\/h2>\n                  <\/div>\n                <\/div>\n                <div data-colibri-id=\"924-c6\" class=\"h-lead h-text h-text-component style-880 style-local-924-c6 position-relative h-element\">\n                  <!---->\n                  <!---->\n                  <div class=\"\">\n                    <p>La mission principale de DEMLP est de cr\u00e9er et de restaurer des structures solides et durables en offrant une gamme compl\u00e8te de services de ma\u00e7onnerie. Sp\u00e9cialis\u00e9e dans la construction, la r\u00e9novation et la restauration, l&rsquo;\u00e9quipe hautement\n                      qualifi\u00e9e de DEMLP excelle dans la manipulation de divers mat\u00e9riaux de construction pour r\u00e9aliser des projets de toutes tailles et complexit\u00e9s.<\/p>\n                    <p>Les services de DEMLP couvrent un large \u00e9ventail de besoins en mati\u00e8re de ma\u00e7onnerie. Que ce soit pour la construction de fondations solides, la pose de murs en briques, la cr\u00e9ation d&rsquo;\u00e9l\u00e9ments architecturaux ou la restauration de structures\n                      anciennes, l&rsquo;entreprise offre des solutions adapt\u00e9es \u00e0 chaque projet sp\u00e9cifique.<\/p>\n                    <p>La valeur ajout\u00e9e de DEMLP r\u00e9side dans sa ma\u00eetrise des techniques modernes de ma\u00e7onnerie. L&rsquo;entreprise s&rsquo;appuie sur des m\u00e9thodes innovantes, des outils sp\u00e9cialis\u00e9s et une expertise approfondie pour garantir des r\u00e9sultats exceptionnels\n                      tout en respectant les normes de qualit\u00e9 et de durabilit\u00e9 les plus \u00e9lev\u00e9es.<\/p>\n                  <\/div>\n                <\/div>\n                <div data-colibri-id=\"924-c10\" class=\"h-global-transition-all h-heading style-1081 style-local-924-c10 position-relative h-element\">\n                  <!---->\n                  <div class=\"h-heading__outer style-1081 style-local-924-c10\">\n                    <!---->\n                    <!---->\n                    <h2 class=\"\"><em>TRAVAIL EN SECURITE<br><\/em><\/h2>\n                  <\/div>\n                <\/div>\n                <div data-colibri-id=\"924-c11\" class=\"h-text h-text-component style-1082 style-local-924-c11 position-relative h-element\">\n                  <!---->\n                  <!---->\n                  <div class=\"\">\n                    <p>Outre son expertise technique, DEMLP accorde une grande importance \u00e0 la satisfaction du client. Chaque projet est r\u00e9alis\u00e9 avec un engagement total envers la qualit\u00e9 du travail, le respect des d\u00e9lais et la r\u00e9alisation des objectifs\n                      sp\u00e9cifiques du client.<\/p>\n                    <p>La s\u00e9curit\u00e9 est une priorit\u00e9 majeure pour DEMLP. L&rsquo;entreprise met en place des protocoles rigoureux pour garantir la s\u00e9curit\u00e9 de son personnel, des clients et des lieux de travail lors de chaque op\u00e9ration de ma\u00e7onnerie.<\/p>\n                  <\/div>\n                <\/div>\n                <div data-colibri-id=\"924-c12\" class=\"h-global-transition-all h-heading style-1083 style-local-924-c12 position-relative h-element\">\n                  <!---->\n                  <div class=\"h-heading__outer style-1083 style-local-924-c12\">\n                    <!---->\n                    <!---->\n                    <h2 class=\"\"><em>SUIVI DE CHANTIER<br><\/em><\/h2>\n                  <\/div>\n                <\/div>\n                <div data-colibri-id=\"924-c13\" class=\"h-text h-text-component style-1084 style-local-924-c13 position-relative h-element\">\n                  <!---->\n                  <!---->\n                  <div class=\"\">\n                    <p>DEMLP entretient des relations solides avec ses clients gr\u00e2ce \u00e0 une communication transparente et une approche collaborative. L&rsquo;\u00e9quipe travaille en \u00e9troite collaboration avec les clients pour comprendre leurs besoins sp\u00e9cifiques et\n                      offrir des solutions personnalis\u00e9es qui d\u00e9passent leurs attentes.<\/p>\n                    <p>En conclusion, DEMLP demeure un leader dans les travaux de ma\u00e7onnerie. Gr\u00e2ce \u00e0 son expertise technique, son engagement envers la qualit\u00e9 du service et la satisfaction du client, ainsi que sa volont\u00e9 constante de maintenir des normes\n                      \u00e9lev\u00e9es, l&rsquo;entreprise continue d&rsquo;\u00e9tablir de nouveaux standards dans le domaine de la construction.<\/p>\n                  <\/div>\n                <\/div>\n                <div data-colibri-id=\"924-c7\" class=\"h-x-container style-881 style-local-924-c7 position-relative h-element\">\n                  <!---->\n                  <div class=\"h-x-container-inner style-dynamic-924-c7-group style-881-spacing style-local-924-c7-spacing\"><span class=\"h-button__outer style-882-outer style-local-924-c8-outer d-inline-flex h-element\"><a h-use-smooth-scroll=\"true\" href=\"https:\/\/demlp-renovation.fr\/index.php\/exterieur-2\/\"  data-colibri-id=\"924-c8\" class=\"d-flex w-100 align-items-center h-button justify-content-lg-center justify-content-md-center justify-content-center style-882 style-local-924-c8 position-relative\"><!----><!----> <span>DEMANDEZ VOTRE DEVIS<\/span><\/a>\n                    <\/span>\n                  <\/div>\n                <\/div>\n              <\/div>\n            <\/div>\n          <\/div>\n        <\/div>\n      <\/div>\n    <\/div>\n  <\/div>\n<\/div>","protected":false},"excerpt":{"rendered":"<p>MA\u00ceTRISE DE CHANTIER La mission principale de DEMLP est de cr\u00e9er et de restaurer des structures solides et durables en offrant une gamme compl\u00e8te de services de ma\u00e7onnerie. Sp\u00e9cialis\u00e9e dans la construction, la r\u00e9novation et la restauration, l&rsquo;\u00e9quipe hautement qualifi\u00e9e de DEMLP excelle dans la manipulation de divers mat\u00e9riaux de construction pour r\u00e9aliser des projets [&hellip;]<\/p>\n","protected":false},"author":1,"featured_media":0,"parent":0,"menu_order":0,"comment_status":"closed","ping_status":"closed","template":"page-templates\/full-width-page.php","meta":{"footnotes":""},"class_list":["post-924","page","type-page","status-publish","hentry"],"_links":{"self":[{"href":"https:\/\/demlp-renovation.fr\/index.php\/wp-json\/wp\/v2\/pages\/924","targetHints":{"allow":["GET"]}}],"collection":[{"href":"https:\/\/demlp-renovation.fr\/index.php\/wp-json\/wp\/v2\/pages"}],"about":[{"href":"https:\/\/demlp-renovation.fr\/index.php\/wp-json\/wp\/v2\/types\/page"}],"author":[{"embeddable":true,"href":"https:\/\/demlp-renovation.fr\/index.php\/wp-json\/wp\/v2\/users\/1"}],"replies":[{"embeddable":true,"href":"https:\/\/demlp-renovation.fr\/index.php\/wp-json\/wp\/v2\/comments?post=924"}],"version-history":[{"count":3,"href":"https:\/\/demlp-renovation.fr\/index.php\/wp-json\/wp\/v2\/pages\/924\/revisions"}],"predecessor-version":[{"id":1382,"href":"https:\/\/demlp-renovation.fr\/index.php\/wp-json\/wp\/v2\/pages\/924\/revisions\/1382"}],"wp:attachment":[{"href":"https:\/\/demlp-renovation.fr\/index.php\/wp-json\/wp\/v2\/media?parent=924"}],"curies":[{"name":"wp","href":"https:\/\/api.w.org\/{rel}","templated":true}]}}