{"id":904,"date":"2023-11-25T15:37:17","date_gmt":"2023-11-25T14:37:17","guid":{"rendered":"https:\/\/demlp-renovation.fr\/?page_id=904"},"modified":"2023-12-15T17:09:53","modified_gmt":"2023-12-15T16:09:53","slug":"nettoyage-haute-pression","status":"publish","type":"page","link":"https:\/\/demlp-renovation.fr\/index.php\/nettoyage-haute-pression\/","title":{"rendered":"Nettoyage haute pression"},"content":{"rendered":"<div data-colibri-id=\"904-c1\" class=\"style-859 style-local-904-c1 position-relative\">\n  <!---->\n  <div data-colibri-component=\"section\" data-colibri-id=\"904-c2\" id=\"content\" class=\"h-section h-section-global-spacing d-flex align-items-lg-center align-items-md-center align-items-center style-860 style-local-904-c2 position-relative\">\n    <div class=\"background-wrapper\">\n      <div class=\"background-layer background-layer-media-container-lg\">\n        <!---->\n        <div class=\"overlay-layer\">\n          <div class=\"overlay-image-layer\" style=\"background-color: rgb(0, 0, 0); opacity: 0.5;\"><\/div>\n          <div class=\"shape-layer colibri-shape-two-circles\" style=\"background-position: center center; background-size: cover; background-repeat: no-repeat; filter: invert(0%);\"><\/div>\n        <\/div>\n      <\/div>\n      <div class=\"background-layer background-layer-media-container-md\">\n        <!---->\n        <div class=\"overlay-layer\">\n          <div class=\"overlay-image-layer\" style=\"background-color: rgb(0, 0, 0); opacity: 0.5;\"><\/div>\n          <div class=\"shape-layer colibri-shape-two-circles\" style=\"background-position: center center; background-size: cover; background-repeat: no-repeat; filter: invert(0%);\"><\/div>\n        <\/div>\n      <\/div>\n      <div class=\"background-layer background-layer-media-container\">\n        <!---->\n        <div class=\"overlay-layer\">\n          <div class=\"overlay-image-layer\" style=\"background-color: rgb(0, 0, 0); opacity: 0.5;\"><\/div>\n          <div class=\"shape-layer colibri-shape-two-circles\" style=\"background-position: center center; background-size: cover; background-repeat: no-repeat; filter: invert(0%);\"><\/div>\n        <\/div>\n      <\/div>\n    <\/div>\n    <!---->\n    <div class=\"h-section-grid-container h-section-boxed-container\">\n      <!---->\n      <div data-colibri-id=\"904-c3\" class=\"h-row-container gutters-row-lg-0 gutters-row-md-0 gutters-row-2 gutters-row-v-lg-0 gutters-row-v-md-0 gutters-row-v-0 style-861 style-local-904-c3 position-relative\">\n        <!---->\n        <div class=\"h-row justify-content-lg-center justify-content-md-center justify-content-center align-items-lg-stretch align-items-md-stretch align-items-stretch gutters-col-lg-0 gutters-col-md-0 gutters-col-2 gutters-col-v-lg-0 gutters-col-v-md-0 gutters-col-v-0\">\n          <!---->\n          <div class=\"h-column h-column-container d-flex h-col-lg-auto h-col-md-auto h-col-auto style-862-outer style-local-904-c4-outer\">\n            <div data-colibri-id=\"904-c4\" class=\"d-flex h-flex-basis h-column__inner h-ui-empty-state-container h-px-lg-0 h-px-md-0 h-px-0 v-inner-lg-0 v-inner-md-0 v-inner-0 style-862 style-local-904-c4 position-relative\">\n              <!---->\n              <!---->\n              <div class=\"w-100 h-y-container h-column__content h-column__v-align flex-basis-100\">\n                <!---->\n              <\/div>\n            <\/div>\n          <\/div>\n          <div class=\"h-column h-column-container d-flex h-col-lg-auto h-col-md-auto h-col-auto style-863-outer style-local-904-c5-outer\">\n            <div data-colibri-id=\"904-c5\" class=\"d-flex h-flex-basis h-column__inner h-px-lg-2 h-px-md-2 h-px-0 v-inner-lg-2 v-inner-md-2 v-inner-0 style-863 style-local-904-c5 position-relative\">\n              <!---->\n              <!---->\n              <div class=\"w-100 h-y-container h-column__content h-column__v-align flex-basis-100 align-self-lg-center align-self-md-center align-self-center\">\n                <!---->\n                <div data-colibri-id=\"904-c9\" class=\"h-global-transition-all h-heading style-1039 style-local-904-c9 position-relative h-element\">\n                  <!---->\n                  <div class=\"h-heading__outer style-1039 style-local-904-c9\">\n                    <!---->\n                    <!---->\n                    <h2 class=\"\"><em>ENTRETIEN<\/em><\/h2>\n                  <\/div>\n                <\/div>\n                <div data-colibri-id=\"904-c10\" class=\"h-text h-text-component style-1040 style-local-904-c10 position-relative h-element\">\n                  <!---->\n                  <!---->\n                  <div class=\"\">\n                    <p>L&rsquo;objectif principal de DEMLP est de redonner vie aux fa\u00e7ades en \u00e9liminant efficacement la salet\u00e9, les moisissures, les r\u00e9sidus et autres contaminants. Sp\u00e9cialis\u00e9e dans le nettoyage \u00e0 haute pression, l&rsquo;\u00e9quipe hautement qualifi\u00e9e de\n                      DEMLP excelle dans le traitement des surfaces de tous types de b\u00e2timents, qu&rsquo;il s&rsquo;agisse de structures commerciales, r\u00e9sidentielles ou industrielles.<\/p>\n                    <p>Les services de DEMLP couvrent une large gamme de besoins en mati\u00e8re de nettoyage ext\u00e9rieur. Que ce soit pour \u00e9liminer les d\u00e9p\u00f4ts de pollution atmosph\u00e9rique, les graffitis ind\u00e9sirables ou les accumulations de salet\u00e9 tenaces, l&rsquo;entreprise\n                      offre des solutions adapt\u00e9es \u00e0 chaque situation, pr\u00e9servant ainsi l&rsquo;esth\u00e9tique et l&rsquo;int\u00e9grit\u00e9 des structures.<\/p>\n                  <\/div>\n                <\/div>\n                <div data-colibri-id=\"904-c11\" class=\"h-global-transition-all h-heading style-1041 style-local-904-c11 position-relative h-element\">\n                  <!---->\n                  <div class=\"h-heading__outer style-1041 style-local-904-c11\">\n                    <!---->\n                    <!---->\n                    <h2 class=\"\"><em>TRAVAIL SUR MESURE<\/em><\/h2>\n                  <\/div>\n                <\/div>\n                <div data-colibri-id=\"904-c12\" class=\"h-text h-text-component style-1042 style-local-904-c12 position-relative h-element\">\n                  <!---->\n                  <!---->\n                  <div class=\"\">\n                    <p>La valeur ajout\u00e9e de DEMLP r\u00e9side dans sa ma\u00eetrise des techniques modernes de nettoyage \u00e0 haute pression. L&rsquo;entreprise s&rsquo;appuie sur des \u00e9quipements de pointe et des m\u00e9thodes sp\u00e9cialis\u00e9es pour garantir des r\u00e9sultats exceptionnels sans\n                      compromettre l&rsquo;int\u00e9grit\u00e9 des surfaces nettoy\u00e9es.<\/p>\n                    <p>Outre son expertise technique, DEMLP accorde une grande importance \u00e0 la satisfaction du client. Chaque projet est men\u00e9 avec un engagement total envers la qualit\u00e9 du travail, la rapidit\u00e9 d&rsquo;ex\u00e9cution et le respect des exigences sp\u00e9cifiques\n                      du client.<\/p>\n                  <\/div>\n                <\/div>\n                <div data-colibri-id=\"904-c13\" class=\"h-global-transition-all h-heading style-1043 style-local-904-c13 position-relative h-element\">\n                  <!---->\n                  <div class=\"h-heading__outer style-1043 style-local-904-c13\">\n                    <!---->\n                    <!---->\n                    <h2 class=\"\"><em>ENTRETIEN<br><\/em><\/h2>\n                  <\/div>\n                <\/div>\n                <div data-colibri-id=\"904-c6\" class=\"h-lead h-text h-text-component style-864 style-local-904-c6 position-relative h-element\">\n                  <!---->\n                  <!---->\n                  <div class=\"\">\n                    <p>La s\u00e9curit\u00e9 est une priorit\u00e9 absolue pour DEMLP. L&rsquo;entreprise met en place des protocoles rigoureux pour assurer la s\u00e9curit\u00e9 de ses employ\u00e9s, des clients et des lieux de travail lors de chaque op\u00e9ration de nettoyage \u00e0 haute pression.<\/p>\n                    <p>DEMLP entretient des relations durables avec ses clients gr\u00e2ce \u00e0 une communication transparente et une approche collaborative. L&rsquo;\u00e9quipe travaille en \u00e9troite collaboration avec les clients pour comprendre leurs besoins sp\u00e9cifiques et\n                      fournir des solutions personnalis\u00e9es qui d\u00e9passent leurs attentes.<\/p>\n                    <p>En conclusion, DEMLP demeure un leader dans le nettoyage de murs \u00e0 haute pression. Gr\u00e2ce \u00e0 son expertise technique, son engagement envers la qualit\u00e9 du service et la satisfaction du client, ainsi que sa volont\u00e9 constante de maintenir\n                      des normes \u00e9lev\u00e9es, l&rsquo;entreprise continue d&rsquo;\u00e9tablir de nouveaux standards dans l&rsquo;entretien architectural.<\/p>\n                  <\/div>\n                <\/div>\n                <div data-colibri-id=\"904-c7\" class=\"h-x-container style-865 style-local-904-c7 position-relative h-element\">\n                  <!---->\n                  <div class=\"h-x-container-inner style-dynamic-904-c7-group style-865-spacing style-local-904-c7-spacing\"><span class=\"h-button__outer style-866-outer style-local-904-c8-outer d-inline-flex h-element\"><a h-use-smooth-scroll=\"true\" href=\"https:\/\/demlp-renovation.fr\/index.php\/exterieur-2\/\"  data-colibri-id=\"904-c8\" class=\"d-flex w-100 align-items-center h-button justify-content-lg-center justify-content-md-center justify-content-center style-866 style-local-904-c8 position-relative\"><!----><!----> <span>DEMANDEZ VOTRE DEVIS<\/span><\/a>\n                    <\/span>\n                  <\/div>\n                <\/div>\n              <\/div>\n            <\/div>\n          <\/div>\n        <\/div>\n      <\/div>\n    <\/div>\n  <\/div>\n<\/div>","protected":false},"excerpt":{"rendered":"<p>ENTRETIEN L&rsquo;objectif principal de DEMLP est de redonner vie aux fa\u00e7ades en \u00e9liminant efficacement la salet\u00e9, les moisissures, les r\u00e9sidus et autres contaminants. Sp\u00e9cialis\u00e9e dans le nettoyage \u00e0 haute pression, l&rsquo;\u00e9quipe hautement qualifi\u00e9e de DEMLP excelle dans le traitement des surfaces de tous types de b\u00e2timents, qu&rsquo;il s&rsquo;agisse de structures commerciales, r\u00e9sidentielles ou industrielles. Les [&hellip;]<\/p>\n","protected":false},"author":1,"featured_media":0,"parent":0,"menu_order":0,"comment_status":"closed","ping_status":"closed","template":"page-templates\/full-width-page.php","meta":{"footnotes":""},"class_list":["post-904","page","type-page","status-publish","hentry"],"_links":{"self":[{"href":"https:\/\/demlp-renovation.fr\/index.php\/wp-json\/wp\/v2\/pages\/904","targetHints":{"allow":["GET"]}}],"collection":[{"href":"https:\/\/demlp-renovation.fr\/index.php\/wp-json\/wp\/v2\/pages"}],"about":[{"href":"https:\/\/demlp-renovation.fr\/index.php\/wp-json\/wp\/v2\/types\/page"}],"author":[{"embeddable":true,"href":"https:\/\/demlp-renovation.fr\/index.php\/wp-json\/wp\/v2\/users\/1"}],"replies":[{"embeddable":true,"href":"https:\/\/demlp-renovation.fr\/index.php\/wp-json\/wp\/v2\/comments?post=904"}],"version-history":[{"count":4,"href":"https:\/\/demlp-renovation.fr\/index.php\/wp-json\/wp\/v2\/pages\/904\/revisions"}],"predecessor-version":[{"id":1319,"href":"https:\/\/demlp-renovation.fr\/index.php\/wp-json\/wp\/v2\/pages\/904\/revisions\/1319"}],"wp:attachment":[{"href":"https:\/\/demlp-renovation.fr\/index.php\/wp-json\/wp\/v2\/media?parent=904"}],"curies":[{"name":"wp","href":"https:\/\/api.w.org\/{rel}","templated":true}]}}