{"id":894,"date":"2023-11-25T15:35:42","date_gmt":"2023-11-25T14:35:42","guid":{"rendered":"https:\/\/demlp-renovation.fr\/?page_id=894"},"modified":"2023-12-17T22:26:46","modified_gmt":"2023-12-17T21:26:46","slug":"toile-de-verre-lisse-chevron","status":"publish","type":"page","link":"https:\/\/demlp-renovation.fr\/index.php\/toile-de-verre-lisse-chevron\/","title":{"rendered":"Toile de verre lisse &#038; \u00e0 chevron"},"content":{"rendered":"<div data-colibri-id=\"894-c1\" class=\"style-851 style-local-894-c1 position-relative\">\n  <!---->\n  <div data-colibri-component=\"section\" data-colibri-id=\"894-c2\" id=\"content\" class=\"h-section h-section-global-spacing d-flex align-items-lg-center align-items-md-center align-items-center style-852 style-local-894-c2 position-relative\">\n    <div class=\"background-wrapper\">\n      <div class=\"background-layer background-layer-media-container-lg\">\n        <!---->\n        <div class=\"overlay-layer\">\n          <div class=\"overlay-image-layer\" style=\"background-color: rgb(247, 144, 7); opacity: 0.5;\"><\/div>\n          <div class=\"shape-layer colibri-shape-two-circles\" style=\"background-position: center center; background-size: cover; background-repeat: no-repeat; filter: invert(0%);\"><\/div>\n        <\/div>\n      <\/div>\n      <div class=\"background-layer background-layer-media-container-md\">\n        <!---->\n        <div class=\"overlay-layer\">\n          <div class=\"overlay-image-layer\" style=\"background-color: rgb(247, 144, 7); opacity: 0.5;\"><\/div>\n          <div class=\"shape-layer colibri-shape-two-circles\" style=\"background-position: center center; background-size: cover; background-repeat: no-repeat; filter: invert(0%);\"><\/div>\n        <\/div>\n      <\/div>\n      <div class=\"background-layer background-layer-media-container\">\n        <!---->\n        <div class=\"overlay-layer\">\n          <div class=\"overlay-image-layer\" style=\"background-color: rgb(247, 144, 7); opacity: 0.5;\"><\/div>\n          <div class=\"shape-layer colibri-shape-two-circles\" style=\"background-position: center center; background-size: cover; background-repeat: no-repeat; filter: invert(0%);\"><\/div>\n        <\/div>\n      <\/div>\n    <\/div>\n    <!---->\n    <div class=\"h-section-grid-container h-section-boxed-container\">\n      <!---->\n      <div data-colibri-id=\"894-c3\" class=\"h-row-container gutters-row-lg-0 gutters-row-md-0 gutters-row-2 gutters-row-v-lg-0 gutters-row-v-md-0 gutters-row-v-0 style-853 style-local-894-c3 position-relative\">\n        <!---->\n        <div class=\"h-row justify-content-lg-center justify-content-md-center justify-content-center align-items-lg-stretch align-items-md-stretch align-items-stretch gutters-col-lg-0 gutters-col-md-0 gutters-col-2 gutters-col-v-lg-0 gutters-col-v-md-0 gutters-col-v-0\">\n          <!---->\n          <div class=\"h-column h-column-container d-flex h-col-lg-auto h-col-md-auto h-col-auto style-854-outer style-local-894-c4-outer\">\n            <div data-colibri-id=\"894-c4\" class=\"d-flex h-flex-basis h-column__inner h-ui-empty-state-container h-px-lg-0 h-px-md-0 h-px-0 v-inner-lg-0 v-inner-md-0 v-inner-0 style-854 style-local-894-c4 position-relative\">\n              <!---->\n              <!---->\n              <div class=\"w-100 h-y-container h-column__content h-column__v-align flex-basis-100\">\n                <!---->\n              <\/div>\n            <\/div>\n          <\/div>\n          <div class=\"h-column h-column-container d-flex h-col-lg-auto h-col-md-auto h-col-auto style-855-outer style-local-894-c5-outer\">\n            <div data-colibri-id=\"894-c5\" class=\"d-flex h-flex-basis h-column__inner h-px-lg-2 h-px-md-2 h-px-0 v-inner-lg-2 v-inner-md-2 v-inner-0 style-855 style-local-894-c5 position-relative\">\n              <!---->\n              <!---->\n              <div class=\"w-100 h-y-container h-column__content h-column__v-align flex-basis-100 align-self-lg-center align-self-md-center align-self-center\">\n                <!---->\n                <div data-colibri-id=\"894-c9\" class=\"h-global-transition-all h-heading style-1070 style-local-894-c9 position-relative h-element\">\n                  <!---->\n                  <div class=\"h-heading__outer style-1070 style-local-894-c9\">\n                    <!---->\n                    <!---->\n                    <h2 class=\"\"><em>POSE SPECIALISEE<br><\/em><\/h2>\n                  <\/div>\n                <\/div>\n                <div data-colibri-id=\"894-c6\" class=\"h-lead h-text h-text-component style-856 style-local-894-c6 position-relative h-element\">\n                  <!---->\n                  <!---->\n                  <div class=\"\">\n                    <p>DEMLP est une entreprise d&rsquo;expertise exceptionnelle dans la pose de toile de verre, offrant des services de haute qualit\u00e9 et une ma\u00eetrise in\u00e9gal\u00e9e dans ce domaine sp\u00e9cifique de la finition int\u00e9rieure. Forte de nombreuses ann\u00e9es d&rsquo;exp\u00e9rience,\n                      DEMLP s&rsquo;est impos\u00e9e comme un leader incontest\u00e9 dans l&rsquo;industrie de la d\u00e9coration murale.<\/p>\n                    <p>L&rsquo;objectif principal de DEMLP est d&rsquo;offrir des solutions sur mesure pour cr\u00e9er des int\u00e9rieurs esth\u00e9tiques et durables. Sp\u00e9cialis\u00e9e dans la pose de toile de verre lisse et \u00e0 chevron, l&rsquo;\u00e9quipe hautement qualifi\u00e9e de DEMLP excelle dans\n                      l&rsquo;application de ces rev\u00eatements pour une vari\u00e9t\u00e9 de projets, des r\u00e9sidences individuelles aux grands complexes commerciaux.<\/p>\n                    <p>Les services de DEMLP englobent une gamme compl\u00e8te de comp\u00e9tences, depuis la pr\u00e9paration minutieuse des surfaces jusqu&rsquo;\u00e0 l&rsquo;application pr\u00e9cise de la toile de verre. Chaque projet d\u00e9bute par une analyse approfondie des besoins du client,\n                      permettant \u00e0 l&rsquo;\u00e9quipe de concevoir des solutions adapt\u00e9es \u00e0 chaque environnement sp\u00e9cifique.<\/p>\n                  <\/div>\n                <\/div>\n                <div data-colibri-id=\"894-c10\" class=\"h-global-transition-all h-heading style-1071 style-local-894-c10 position-relative h-element\">\n                  <!---->\n                  <div class=\"h-heading__outer style-1071 style-local-894-c10\">\n                    <!---->\n                    <!---->\n                    <h2 class=\"\"><em>EXPERTISE TECHNIQUE<br><\/em><\/h2>\n                  <\/div>\n                <\/div>\n                <div data-colibri-id=\"894-c11\" class=\"h-text h-text-component style-1072 style-local-894-c11 position-relative h-element\">\n                  <!---->\n                  <!---->\n                  <div class=\"\">\n                    <p>DEMLP est reconnue pour sa capacit\u00e9 \u00e0 r\u00e9aliser des projets de grande envergure avec une finition impeccable. La toile de verre lisse est utilis\u00e9e pour obtenir des surfaces planes et uniformes, tandis que la toile de verre \u00e0 chevron\n                      offre des effets de relief subtils, ajoutant une dimension visuelle int\u00e9ressante aux espaces.<\/p>\n                    <p>La valeur ajout\u00e9e de DEMLP r\u00e9side dans sa ma\u00eetrise des techniques modernes de pose de toile de verre. L&rsquo;entreprise s&rsquo;appuie sur des m\u00e9thodes innovantes et des \u00e9quipements sp\u00e9cialis\u00e9s pour garantir des r\u00e9sultats de haute qualit\u00e9, avec\n                      une attention particuli\u00e8re port\u00e9e \u00e0 la pr\u00e9cision et \u00e0 la durabilit\u00e9 des finitions.<\/p>\n                    <p>Outre son expertise technique, DEMLP accorde une grande importance \u00e0 la satisfaction du client. Chaque projet est men\u00e9 avec un engagement total envers la qualit\u00e9 du travail et une volont\u00e9 constante de d\u00e9passer les attentes des clients.<\/p>\n                  <\/div>\n                <\/div>\n                <div data-colibri-id=\"894-c12\" class=\"h-global-transition-all h-heading style-1073 style-local-894-c12 position-relative h-element\">\n                  <!---->\n                  <div class=\"h-heading__outer style-1073 style-local-894-c12\">\n                    <!---->\n                    <!---->\n                    <h2 class=\"\"><em>SUIVI CLIENT<br><\/em><\/h2>\n                  <\/div>\n                <\/div>\n                <div data-colibri-id=\"894-c13\" class=\"h-text h-text-component style-1074 style-local-894-c13 position-relative h-element\">\n                  <!---->\n                  <!---->\n                  <div class=\"\">\n                    <p>La s\u00e9curit\u00e9 est une priorit\u00e9 absolue pour DEMLP. L&rsquo;entreprise s&rsquo;engage \u00e0 mettre en \u0153uvre des pratiques s\u00e9curitaires strictes sur tous ses chantiers, assurant ainsi la protection de son personnel, des clients et des lieux de travail.<\/p>\n                    <p>DEMLP entretient des relations solides avec ses clients gr\u00e2ce \u00e0 une communication transparente et une approche collaborative. L&rsquo;\u00e9quipe travaille en \u00e9troite collaboration avec les clients, les architectes et les autres parties prenantes\n                      pour garantir que les exigences sp\u00e9cifiques du projet sont pleinement satisfaites.<\/p>\n                    <p>En conclusion, DEMLP demeure un leader dans la pose de toile de verre. Gr\u00e2ce \u00e0 son expertise technique, son engagement envers la qualit\u00e9 et la satisfaction du client, ainsi que sa volont\u00e9 constante de r\u00e9aliser des finitions exceptionnelles,\n                      l&rsquo;entreprise continue de d\u00e9finir de nouvelles normes dans l&rsquo;industrie de la d\u00e9coration murale.<\/p>\n                  <\/div>\n                <\/div>\n                <div data-colibri-id=\"894-c7\" class=\"h-x-container style-857 style-local-894-c7 position-relative h-element\">\n                  <!---->\n                  <div class=\"h-x-container-inner style-dynamic-894-c7-group style-857-spacing style-local-894-c7-spacing\"><span class=\"h-button__outer style-858-outer style-local-894-c8-outer d-inline-flex h-element\"><a h-use-smooth-scroll=\"true\" href=\"https:\/\/demlp-renovation.fr\/index.php\/interieur\/\"  data-colibri-id=\"894-c8\" class=\"d-flex w-100 align-items-center h-button justify-content-lg-center justify-content-md-center justify-content-center style-858 style-local-894-c8 position-relative\"><!----><!----> <span>DEMANDEZ VOTRE DEVIS<\/span><\/a>\n                    <\/span>\n                  <\/div>\n                <\/div>\n              <\/div>\n            <\/div>\n          <\/div>\n        <\/div>\n      <\/div>\n    <\/div>\n  <\/div>\n<\/div>","protected":false},"excerpt":{"rendered":"<p>POSE SPECIALISEE DEMLP est une entreprise d&rsquo;expertise exceptionnelle dans la pose de toile de verre, offrant des services de haute qualit\u00e9 et une ma\u00eetrise in\u00e9gal\u00e9e dans ce domaine sp\u00e9cifique de la finition int\u00e9rieure. Forte de nombreuses ann\u00e9es d&rsquo;exp\u00e9rience, DEMLP s&rsquo;est impos\u00e9e comme un leader incontest\u00e9 dans l&rsquo;industrie de la d\u00e9coration murale. L&rsquo;objectif principal de DEMLP [&hellip;]<\/p>\n","protected":false},"author":1,"featured_media":0,"parent":0,"menu_order":0,"comment_status":"closed","ping_status":"closed","template":"page-templates\/full-width-page.php","meta":{"footnotes":""},"class_list":["post-894","page","type-page","status-publish","hentry"],"_links":{"self":[{"href":"https:\/\/demlp-renovation.fr\/index.php\/wp-json\/wp\/v2\/pages\/894","targetHints":{"allow":["GET"]}}],"collection":[{"href":"https:\/\/demlp-renovation.fr\/index.php\/wp-json\/wp\/v2\/pages"}],"about":[{"href":"https:\/\/demlp-renovation.fr\/index.php\/wp-json\/wp\/v2\/types\/page"}],"author":[{"embeddable":true,"href":"https:\/\/demlp-renovation.fr\/index.php\/wp-json\/wp\/v2\/users\/1"}],"replies":[{"embeddable":true,"href":"https:\/\/demlp-renovation.fr\/index.php\/wp-json\/wp\/v2\/comments?post=894"}],"version-history":[{"count":4,"href":"https:\/\/demlp-renovation.fr\/index.php\/wp-json\/wp\/v2\/pages\/894\/revisions"}],"predecessor-version":[{"id":1368,"href":"https:\/\/demlp-renovation.fr\/index.php\/wp-json\/wp\/v2\/pages\/894\/revisions\/1368"}],"wp:attachment":[{"href":"https:\/\/demlp-renovation.fr\/index.php\/wp-json\/wp\/v2\/media?parent=894"}],"curies":[{"name":"wp","href":"https:\/\/api.w.org\/{rel}","templated":true}]}}