{"id":853,"date":"2023-11-20T22:50:30","date_gmt":"2023-11-20T21:50:30","guid":{"rendered":"https:\/\/demlp-renovation.fr\/?page_id=853"},"modified":"2023-12-17T22:22:28","modified_gmt":"2023-12-17T21:22:28","slug":"remise-etat-apres-sinistre","status":"publish","type":"page","link":"https:\/\/demlp-renovation.fr\/index.php\/remise-etat-apres-sinistre\/","title":{"rendered":"Remise \u00e9tat apr\u00e8s sinistre"},"content":{"rendered":"<div data-colibri-id=\"853-c1\" class=\"style-819 style-local-853-c1 position-relative\">\n  <!---->\n  <div data-colibri-component=\"section\" data-colibri-id=\"853-c2\" id=\"content\" class=\"h-section h-section-global-spacing d-flex align-items-lg-center align-items-md-center align-items-center style-820 style-local-853-c2 position-relative\">\n    <div class=\"background-wrapper\">\n      <div class=\"background-layer background-layer-media-container-lg\">\n        <!---->\n        <div class=\"overlay-layer\">\n          <div class=\"overlay-image-layer\" style=\"background-color: rgb(247, 144, 7); opacity: 0.5;\"><\/div>\n          <div class=\"shape-layer colibri-shape-two-circles\" style=\"background-position: center center; background-size: cover; background-repeat: no-repeat; filter: invert(0%);\"><\/div>\n        <\/div>\n      <\/div>\n      <div class=\"background-layer background-layer-media-container-md\">\n        <!---->\n        <div class=\"overlay-layer\">\n          <div class=\"overlay-image-layer\" style=\"background-color: rgb(247, 144, 7); opacity: 0.5;\"><\/div>\n          <div class=\"shape-layer colibri-shape-two-circles\" style=\"background-position: center center; background-size: cover; background-repeat: no-repeat; filter: invert(0%);\"><\/div>\n        <\/div>\n      <\/div>\n      <div class=\"background-layer background-layer-media-container\">\n        <!---->\n        <div class=\"overlay-layer\">\n          <div class=\"overlay-image-layer\" style=\"background-color: rgb(247, 144, 7); opacity: 0.5;\"><\/div>\n          <div class=\"shape-layer colibri-shape-two-circles\" style=\"background-position: center center; background-size: cover; background-repeat: no-repeat; filter: invert(0%);\"><\/div>\n        <\/div>\n      <\/div>\n    <\/div>\n    <!---->\n    <div class=\"h-section-grid-container h-section-boxed-container\">\n      <!---->\n      <div data-colibri-id=\"853-c3\" class=\"h-row-container gutters-row-lg-0 gutters-row-md-0 gutters-row-2 gutters-row-v-lg-0 gutters-row-v-md-0 gutters-row-v-0 style-821 style-local-853-c3 position-relative\">\n        <!---->\n        <div class=\"h-row justify-content-lg-center justify-content-md-center justify-content-center align-items-lg-stretch align-items-md-stretch align-items-stretch gutters-col-lg-0 gutters-col-md-0 gutters-col-2 gutters-col-v-lg-0 gutters-col-v-md-0 gutters-col-v-0\">\n          <!---->\n          <div class=\"h-column h-column-container d-flex h-col-lg-auto h-col-md-auto h-col-auto style-822-outer style-local-853-c4-outer\">\n            <div data-colibri-id=\"853-c4\" class=\"d-flex h-flex-basis h-column__inner h-ui-empty-state-container h-px-lg-0 h-px-md-0 h-px-0 v-inner-lg-0 v-inner-md-0 v-inner-0 style-822 style-local-853-c4 position-relative\">\n              <!---->\n              <!---->\n              <div class=\"w-100 h-y-container h-column__content h-column__v-align flex-basis-100\">\n                <!---->\n              <\/div>\n            <\/div>\n          <\/div>\n          <div class=\"h-column h-column-container d-flex h-col-lg-auto h-col-md-auto h-col-auto style-823-outer style-local-853-c5-outer\">\n            <div data-colibri-id=\"853-c5\" class=\"d-flex h-flex-basis h-column__inner h-px-lg-2 h-px-md-2 h-px-0 v-inner-lg-2 v-inner-md-2 v-inner-0 style-823 style-local-853-c5 position-relative\">\n              <!---->\n              <!---->\n              <div class=\"w-100 h-y-container h-column__content h-column__v-align flex-basis-100 align-self-lg-center align-self-md-center align-self-center\">\n                <!---->\n                <div data-colibri-id=\"853-c9\" class=\"h-global-transition-all h-heading style-1060 style-local-853-c9 position-relative h-element\">\n                  <!---->\n                  <div class=\"h-heading__outer style-1060 style-local-853-c9\">\n                    <!---->\n                    <!---->\n                    <h2 class=\"\"><em>INTERVENTION RAPIDE<br><\/em><\/h2>\n                  <\/div>\n                <\/div>\n                <div data-colibri-id=\"853-c6\" class=\"h-lead h-text h-text-component style-824 style-local-853-c6 position-relative h-element\">\n                  <!---->\n                  <!---->\n                  <div class=\"\">\n                    <p>Face \u00e0 un sinistre, qu&rsquo;il s&rsquo;agisse d&rsquo;une inondation, d&rsquo;un incendie, de d\u00e9g\u00e2ts des eaux ou d&rsquo;autres dommages, la remise en \u00e9tat de votre propri\u00e9t\u00e9 n\u00e9cessite une expertise sp\u00e9cialis\u00e9e et une action rapide. Chez DEMLP, nous comprenons\n                      l&rsquo;impact d\u00e9vastateur de tels \u00e9v\u00e9nements et nous nous engageons \u00e0 offrir des services complets de remise en \u00e9tat pour restaurer votre espace et vous aider \u00e0 retrouver une vie normale.<\/p>\n                    <p>En cas de sinistre, une intervention rapide est cruciale pour limiter les dommages et pr\u00e9venir toute d\u00e9t\u00e9rioration suppl\u00e9mentaire. Notre \u00e9quipe d&rsquo;experts en remise en \u00e9tat est disponible pour intervenir rapidement sur le lieu du sinistre.\n                      Nous \u00e9valuons la situation, \u00e9tablissons un plan d&rsquo;action et commen\u00e7ons les travaux de restauration dans les plus brefs d\u00e9lais pour minimiser les effets du sinistre sur votre propri\u00e9t\u00e9.<\/p>\n                  <\/div>\n                <\/div>\n                <div data-colibri-id=\"853-c10\" class=\"h-global-transition-all h-heading style-1061 style-local-853-c10 position-relative h-element\">\n                  <!---->\n                  <div class=\"h-heading__outer style-1061 style-local-853-c10\">\n                    <!---->\n                    <!---->\n                    <h2 class=\"\"><em>rESTAURATION RAPIDE<br><\/em><\/h2>\n                  <\/div>\n                <\/div>\n                <div data-colibri-id=\"853-c11\" class=\"h-text h-text-component style-1062 style-local-853-c11 position-relative h-element\">\n                  <!---->\n                  <!---->\n                  <div class=\"\">\n                    <p>Que ce soit des dommages mineurs ou majeurs, notre \u00e9quipe est \u00e9quip\u00e9e pour g\u00e9rer toutes les \u00e9tapes de la remise en \u00e9tat. Nous prenons en charge la gestion des d\u00e9bris, la r\u00e9paration des structures endommag\u00e9es, le s\u00e9chage des surfaces\n                      apr\u00e8s des d\u00e9g\u00e2ts d&rsquo;eau, la suppression de la moisissure, la r\u00e9novation des rev\u00eatements, et bien plus encore. Notre objectif est de restaurer votre espace dans son \u00e9tat d&rsquo;origine, voire mieux, en utilisant des techniques modernes\n                      et des mat\u00e9riaux de qualit\u00e9 pour une restauration durable.<\/p>\n                    <p>Notre \u00e9quipe est form\u00e9e pour g\u00e9rer une vari\u00e9t\u00e9 de sinistres, qu&rsquo;ils soient d&rsquo;origine naturelle ou humaine. Nous avons l&rsquo;exp\u00e9rience n\u00e9cessaire pour faire face \u00e0 tous types de dommages, que ce soit des incendies, des inondations, des\n                      catastrophes naturelles ou des incidents domestiques. Notre polyvalence nous permet de r\u00e9pondre efficacement \u00e0 chaque situation, en adaptant nos strat\u00e9gies de restauration \u00e0 vos besoins sp\u00e9cifiques.<\/p>\n                  <\/div>\n                <\/div>\n                <div data-colibri-id=\"853-c12\" class=\"h-global-transition-all h-heading style-1063 style-local-853-c12 position-relative h-element\">\n                  <!---->\n                  <div class=\"h-heading__outer style-1063 style-local-853-c12\">\n                    <!---->\n                    <!---->\n                    <h2 class=\"\"><em>SUIVI CLIENT<br><\/em><\/h2>\n                  <\/div>\n                <\/div>\n                <div data-colibri-id=\"853-c13\" class=\"h-text h-text-component style-1064 style-local-853-c13 position-relative h-element\">\n                  <!---->\n                  <!---->\n                  <div class=\"\">\n                    <p>Nous comprenons que la p\u00e9riode suivant un sinistre peut \u00eatre stressante. Notre \u00e9quipe est l\u00e0 pour vous accompagner \u00e0 chaque \u00e9tape du processus de remise en \u00e9tat. Nous vous tenons inform\u00e9 de l&rsquo;avanc\u00e9e des travaux, r\u00e9pondons \u00e0 vos questions\n                      et vous aidons dans les d\u00e9marches administratives li\u00e9es aux assurances. Notre objectif est de vous offrir un service complet et un support attentionn\u00e9 pour vous aider \u00e0 traverser cette p\u00e9riode difficile.<\/p>\n                    <p>Chez DEMLP, notre engagement envers la qualit\u00e9 et la reconstruction est notre priorit\u00e9. Nous mettons tout en \u0153uvre pour restaurer votre propri\u00e9t\u00e9 avec des normes \u00e9lev\u00e9es de qualit\u00e9, d&rsquo;int\u00e9grit\u00e9 structurelle et d&rsquo;esth\u00e9tique. Notre objectif\n                      final est de vous rendre un espace restaur\u00e9 et s\u00e9curis\u00e9, pr\u00eat \u00e0 \u00eatre habit\u00e9 \u00e0 nouveau.<\/p>\n                    <p>Pour une remise en \u00e9tat apr\u00e8s sinistres fiable et efficace, faites confiance \u00e0 DEMLP. Contactez-nous d\u00e8s aujourd&rsquo;hui pour obtenir de l&rsquo;aide et laissez notre \u00e9quipe exp\u00e9riment\u00e9e restaurer votre espace, ramenant la normalit\u00e9 dans votre\n                      vie apr\u00e8s un \u00e9v\u00e9nement traumatisant.<\/p>\n                  <\/div>\n                <\/div>\n                <div data-colibri-id=\"853-c7\" class=\"h-x-container style-825 style-local-853-c7 position-relative h-element\">\n                  <!---->\n                  <div class=\"h-x-container-inner style-dynamic-853-c7-group style-825-spacing style-local-853-c7-spacing\"><span class=\"h-button__outer style-826-outer style-local-853-c8-outer d-inline-flex h-element\"><a h-use-smooth-scroll=\"true\" href=\"https:\/\/demlp-renovation.fr\/index.php\/interieur\/\"  data-colibri-id=\"853-c8\" class=\"d-flex w-100 align-items-center h-button justify-content-lg-center justify-content-md-center justify-content-center style-826 style-local-853-c8 position-relative\"><!----><!----> <span>DEMANDEZ VOTRE DEVIS<\/span><\/a>\n                    <\/span>\n                  <\/div>\n                <\/div>\n              <\/div>\n            <\/div>\n          <\/div>\n        <\/div>\n      <\/div>\n    <\/div>\n  <\/div>\n<\/div>","protected":false},"excerpt":{"rendered":"<p>INTERVENTION RAPIDE Face \u00e0 un sinistre, qu&rsquo;il s&rsquo;agisse d&rsquo;une inondation, d&rsquo;un incendie, de d\u00e9g\u00e2ts des eaux ou d&rsquo;autres dommages, la remise en \u00e9tat de votre propri\u00e9t\u00e9 n\u00e9cessite une expertise sp\u00e9cialis\u00e9e et une action rapide. Chez DEMLP, nous comprenons l&rsquo;impact d\u00e9vastateur de tels \u00e9v\u00e9nements et nous nous engageons \u00e0 offrir des services complets de remise en [&hellip;]<\/p>\n","protected":false},"author":1,"featured_media":0,"parent":0,"menu_order":0,"comment_status":"closed","ping_status":"closed","template":"page-templates\/full-width-page.php","meta":{"footnotes":""},"class_list":["post-853","page","type-page","status-publish","hentry"],"_links":{"self":[{"href":"https:\/\/demlp-renovation.fr\/index.php\/wp-json\/wp\/v2\/pages\/853","targetHints":{"allow":["GET"]}}],"collection":[{"href":"https:\/\/demlp-renovation.fr\/index.php\/wp-json\/wp\/v2\/pages"}],"about":[{"href":"https:\/\/demlp-renovation.fr\/index.php\/wp-json\/wp\/v2\/types\/page"}],"author":[{"embeddable":true,"href":"https:\/\/demlp-renovation.fr\/index.php\/wp-json\/wp\/v2\/users\/1"}],"replies":[{"embeddable":true,"href":"https:\/\/demlp-renovation.fr\/index.php\/wp-json\/wp\/v2\/comments?post=853"}],"version-history":[{"count":3,"href":"https:\/\/demlp-renovation.fr\/index.php\/wp-json\/wp\/v2\/pages\/853\/revisions"}],"predecessor-version":[{"id":1347,"href":"https:\/\/demlp-renovation.fr\/index.php\/wp-json\/wp\/v2\/pages\/853\/revisions\/1347"}],"wp:attachment":[{"href":"https:\/\/demlp-renovation.fr\/index.php\/wp-json\/wp\/v2\/media?parent=853"}],"curies":[{"name":"wp","href":"https:\/\/api.w.org\/{rel}","templated":true}]}}