{"id":833,"date":"2023-11-20T22:45:42","date_gmt":"2023-11-20T21:45:42","guid":{"rendered":"https:\/\/demlp-renovation.fr\/?page_id=833"},"modified":"2023-12-17T22:16:27","modified_gmt":"2023-12-17T21:16:27","slug":"ratissage-mur-et-plafond","status":"publish","type":"page","link":"https:\/\/demlp-renovation.fr\/index.php\/ratissage-mur-et-plafond\/","title":{"rendered":"Ratissage mur et plafond"},"content":{"rendered":"<div data-colibri-id=\"833-c1\" class=\"style-803 style-local-833-c1 position-relative\">\n  <!---->\n  <div data-colibri-component=\"section\" data-colibri-id=\"833-c2\" id=\"content\" class=\"h-section h-section-global-spacing d-flex align-items-lg-center align-items-md-center align-items-center style-804 style-local-833-c2 position-relative\">\n    <div class=\"background-wrapper\">\n      <div class=\"background-layer background-layer-media-container-lg\">\n        <!---->\n        <div class=\"overlay-layer\">\n          <div class=\"overlay-image-layer\" style=\"background-color: rgb(247, 144, 7); opacity: 0.5;\"><\/div>\n          <div class=\"shape-layer colibri-shape-two-circles\" style=\"background-position: center center; background-size: cover; background-repeat: no-repeat; filter: invert(0%);\"><\/div>\n        <\/div>\n      <\/div>\n      <div class=\"background-layer background-layer-media-container-md\">\n        <!---->\n        <div class=\"overlay-layer\">\n          <div class=\"overlay-image-layer\" style=\"background-color: rgb(247, 144, 7); opacity: 0.5;\"><\/div>\n          <div class=\"shape-layer colibri-shape-two-circles\" style=\"background-position: center center; background-size: cover; background-repeat: no-repeat; filter: invert(0%);\"><\/div>\n        <\/div>\n      <\/div>\n      <div class=\"background-layer background-layer-media-container\">\n        <!---->\n        <div class=\"overlay-layer\">\n          <div class=\"overlay-image-layer\" style=\"background-color: rgb(247, 144, 7); opacity: 0.5;\"><\/div>\n          <div class=\"shape-layer colibri-shape-two-circles\" style=\"background-position: center center; background-size: cover; background-repeat: no-repeat; filter: invert(0%);\"><\/div>\n        <\/div>\n      <\/div>\n    <\/div>\n    <!---->\n    <div class=\"h-section-grid-container h-section-boxed-container\">\n      <!---->\n      <div data-colibri-id=\"833-c3\" class=\"h-row-container gutters-row-lg-0 gutters-row-md-0 gutters-row-2 gutters-row-v-lg-0 gutters-row-v-md-0 gutters-row-v-0 style-805 style-local-833-c3 position-relative\">\n        <!---->\n        <div class=\"h-row justify-content-lg-center justify-content-md-center justify-content-center align-items-lg-stretch align-items-md-stretch align-items-stretch gutters-col-lg-0 gutters-col-md-0 gutters-col-2 gutters-col-v-lg-0 gutters-col-v-md-0 gutters-col-v-0\">\n          <!---->\n          <div class=\"h-column h-column-container d-flex h-col-lg-auto h-col-md-auto h-col-auto style-806-outer style-local-833-c4-outer\">\n            <div data-colibri-id=\"833-c4\" class=\"d-flex h-flex-basis h-column__inner h-ui-empty-state-container h-px-lg-0 h-px-md-0 h-px-0 v-inner-lg-0 v-inner-md-0 v-inner-0 style-806 style-local-833-c4 position-relative\">\n              <!---->\n              <!---->\n              <div class=\"w-100 h-y-container h-column__content h-column__v-align flex-basis-100\">\n                <!---->\n              <\/div>\n            <\/div>\n          <\/div>\n          <div class=\"h-column h-column-container d-flex h-col-lg-auto h-col-md-auto h-col-auto style-807-outer style-local-833-c5-outer\">\n            <div data-colibri-id=\"833-c5\" class=\"d-flex h-flex-basis h-column__inner h-px-lg-2 h-px-md-2 h-px-0 v-inner-lg-2 v-inner-md-2 v-inner-0 style-807 style-local-833-c5 position-relative\">\n              <!---->\n              <!---->\n              <div class=\"w-100 h-y-container h-column__content h-column__v-align flex-basis-100 align-self-lg-center align-self-md-center align-self-center\">\n                <!---->\n                <div data-colibri-id=\"833-c9\" class=\"h-global-transition-all h-heading style-1050 style-local-833-c9 position-relative h-element\">\n                  <!---->\n                  <div class=\"h-heading__outer style-1050 style-local-833-c9\">\n                    <!---->\n                    <!---->\n                    <h2 class=\"\"><em>TRAVAIL DE PRECISION<br><\/em><\/h2>\n                  <\/div>\n                <\/div>\n                <div data-colibri-id=\"833-c6\" class=\"h-lead h-text h-text-component style-808 style-local-833-c6 position-relative h-element\">\n                  <!---->\n                  <!---->\n                  <div class=\"\">\n                    <p>Chez DEMLP, nous comprenons que la pr\u00e9paration des surfaces est la cl\u00e9 d&rsquo;une finition parfaite pour vos murs et plafonds. C&rsquo;est pourquoi nous offrons des services de ratissage impeccables pour garantir des surfaces lisses et pr\u00eates\n                      \u00e0 \u00eatre peintes ou d\u00e9cor\u00e9es.<\/p>\n                    <p>Notre \u00e9quipe hautement qualifi\u00e9e de sp\u00e9cialistes du ratissage est d\u00e9di\u00e9e \u00e0 fournir un travail pr\u00e9cis et m\u00e9ticuleux. Nous utilisons des techniques de ratissage avanc\u00e9es pour \u00e9liminer les imperfections telles que les fissures, les bosses\n                      ou les asp\u00e9rit\u00e9s, cr\u00e9ant ainsi une surface uniforme et impeccable. Que ce soit pour des r\u00e9novations ou des constructions neuves, nous nous engageons \u00e0 pr\u00e9parer vos murs et plafonds de mani\u00e8re professionnelle pour une finition parfaite.<\/p>\n                  <\/div>\n                <\/div>\n                <div data-colibri-id=\"833-c10\" class=\"h-global-transition-all h-heading style-1051 style-local-833-c10 position-relative h-element\">\n                  <!---->\n                  <div class=\"h-heading__outer style-1051 style-local-833-c10\">\n                    <!---->\n                    <!---->\n                    <h2 class=\"\"><em> MATERIAUX DE QUALITE<br><\/em><\/h2>\n                  <\/div>\n                <\/div>\n                <div data-colibri-id=\"833-c11\" class=\"h-text h-text-component style-1052 style-local-833-c11 position-relative h-element\">\n                  <!---->\n                  <!---->\n                  <div class=\"\">\n                    <p>Chez DEMLP, nous accordons une grande importance \u00e0 la qualit\u00e9 des mat\u00e9riaux que nous utilisons. Nous s\u00e9lectionnons soigneusement des produits de ratissage de haute qualit\u00e9 pour garantir une adh\u00e9rence durable et une finition lisse.\n                      De plus, notre \u00e9quipe est form\u00e9e aux derni\u00e8res techniques et m\u00e9thodes de ratissage, garantissant ainsi un travail de qualit\u00e9 sup\u00e9rieure \u00e0 chaque intervention.<\/p>\n                  <\/div>\n                <\/div>\n                <div data-colibri-id=\"833-c12\" class=\"h-global-transition-all h-heading style-1053 style-local-833-c12 position-relative h-element\">\n                  <!---->\n                  <div class=\"h-heading__outer style-1053 style-local-833-c12\">\n                    <!---->\n                    <!---->\n                    <h2 class=\"\"><em>SERVICE PERSONNALISE<br><\/em><\/h2>\n                  <\/div>\n                <\/div>\n                <div data-colibri-id=\"833-c13\" class=\"h-text h-text-component style-1054 style-local-833-c13 position-relative h-element\">\n                  <!---->\n                  <!---->\n                  <div class=\"\">\n                    <p>Nous comprenons que chaque projet est unique. C&rsquo;est pourquoi nous offrons un service personnalis\u00e9 pour r\u00e9pondre aux besoins sp\u00e9cifiques de chaque client. Que vous ayez besoin de ratissage pour une seule pi\u00e8ce ou pour l&rsquo;ensemble de\n                      votre propri\u00e9t\u00e9, nous sommes l\u00e0 pour vous conseiller et r\u00e9aliser le travail selon vos exigences.<\/p>\n                    <p>Chez DEMLP, notre engagement envers l&rsquo;excellence et la satisfaction client est au c\u0153ur de notre activit\u00e9. Nous visons \u00e0 d\u00e9passer vos attentes en termes de qualit\u00e9, de d\u00e9lais et de service. Notre objectif est de vous fournir des surfaces\n                      parfaitement pr\u00e9par\u00e9es, pr\u00eates \u00e0 recevoir la finition de votre choix.<\/p>\n                    <p>Pour des murs et des plafonds impeccables, pr\u00eats \u00e0 \u00eatre sublim\u00e9s par une nouvelle couche de peinture ou tout autre rev\u00eatement, faites confiance \u00e0 DEMLP. Contactez-nous d\u00e8s aujourd&rsquo;hui pour discuter de vos besoins en mati\u00e8re de ratissage\n                      et laissez notre expertise professionnelle transformer vos espaces avec une finition parfaite.<\/p>\n                  <\/div>\n                <\/div>\n                <div data-colibri-id=\"833-c7\" class=\"h-x-container style-809 style-local-833-c7 position-relative h-element\">\n                  <!---->\n                  <div class=\"h-x-container-inner style-dynamic-833-c7-group style-809-spacing style-local-833-c7-spacing\"><span class=\"h-button__outer style-810-outer style-local-833-c8-outer d-inline-flex h-element\"><a h-use-smooth-scroll=\"true\" href=\"https:\/\/demlp-renovation.fr\/index.php\/interieur\/\"  data-colibri-id=\"833-c8\" class=\"d-flex w-100 align-items-center h-button justify-content-lg-center justify-content-md-center justify-content-center style-810 style-local-833-c8 position-relative\"><!----><!----> <span>DEMANDEZ VOTRE DEVIS<\/span><\/a>\n                    <\/span>\n                  <\/div>\n                <\/div>\n              <\/div>\n            <\/div>\n          <\/div>\n        <\/div>\n      <\/div>\n    <\/div>\n  <\/div>\n<\/div>","protected":false},"excerpt":{"rendered":"<p>TRAVAIL DE PRECISION Chez DEMLP, nous comprenons que la pr\u00e9paration des surfaces est la cl\u00e9 d&rsquo;une finition parfaite pour vos murs et plafonds. C&rsquo;est pourquoi nous offrons des services de ratissage impeccables pour garantir des surfaces lisses et pr\u00eates \u00e0 \u00eatre peintes ou d\u00e9cor\u00e9es. Notre \u00e9quipe hautement qualifi\u00e9e de sp\u00e9cialistes du ratissage est d\u00e9di\u00e9e \u00e0 [&hellip;]<\/p>\n","protected":false},"author":1,"featured_media":0,"parent":0,"menu_order":0,"comment_status":"closed","ping_status":"closed","template":"page-templates\/full-width-page.php","meta":{"footnotes":""},"class_list":["post-833","page","type-page","status-publish","hentry"],"_links":{"self":[{"href":"https:\/\/demlp-renovation.fr\/index.php\/wp-json\/wp\/v2\/pages\/833","targetHints":{"allow":["GET"]}}],"collection":[{"href":"https:\/\/demlp-renovation.fr\/index.php\/wp-json\/wp\/v2\/pages"}],"about":[{"href":"https:\/\/demlp-renovation.fr\/index.php\/wp-json\/wp\/v2\/types\/page"}],"author":[{"embeddable":true,"href":"https:\/\/demlp-renovation.fr\/index.php\/wp-json\/wp\/v2\/users\/1"}],"replies":[{"embeddable":true,"href":"https:\/\/demlp-renovation.fr\/index.php\/wp-json\/wp\/v2\/comments?post=833"}],"version-history":[{"count":3,"href":"https:\/\/demlp-renovation.fr\/index.php\/wp-json\/wp\/v2\/pages\/833\/revisions"}],"predecessor-version":[{"id":1333,"href":"https:\/\/demlp-renovation.fr\/index.php\/wp-json\/wp\/v2\/pages\/833\/revisions\/1333"}],"wp:attachment":[{"href":"https:\/\/demlp-renovation.fr\/index.php\/wp-json\/wp\/v2\/media?parent=833"}],"curies":[{"name":"wp","href":"https:\/\/api.w.org\/{rel}","templated":true}]}}