{"id":822,"date":"2023-11-20T22:35:49","date_gmt":"2023-11-20T21:35:49","guid":{"rendered":"https:\/\/demlp-renovation.fr\/index.php\/peinture-murale-plafond\/"},"modified":"2024-11-22T19:30:50","modified_gmt":"2024-11-22T18:30:50","slug":"artisan-peintre-toulouse","status":"publish","type":"page","link":"https:\/\/demlp-renovation.fr\/index.php\/artisan-peintre-toulouse\/","title":{"rendered":"Votre artisan peintre Toulouse"},"content":{"rendered":"<div data-colibri-id=\"822-c1\" class=\"style-789 style-local-822-c1 position-relative\">\n  <!---->\n  <div data-colibri-component=\"section\" data-colibri-id=\"822-c2\" id=\"content\" class=\"h-section h-section-global-spacing d-flex align-items-lg-center align-items-md-center align-items-center style-790 style-local-822-c2 position-relative\">\n    <div class=\"background-wrapper\">\n      <div class=\"background-layer background-layer-media-container-lg\">\n        <!---->\n        <div class=\"overlay-layer\">\n          <div class=\"overlay-image-layer\" style=\"background-color: rgb(247, 144, 7); opacity: 0.5;\"><\/div>\n          <div class=\"shape-layer colibri-shape-two-circles\" style=\"background-position: center center; background-size: cover; background-repeat: no-repeat; filter: invert(0%);\"><\/div>\n        <\/div>\n      <\/div>\n      <div class=\"background-layer background-layer-media-container-md\">\n        <!---->\n        <div class=\"overlay-layer\">\n          <div class=\"overlay-image-layer\" style=\"background-color: rgb(247, 144, 7); opacity: 0.5;\"><\/div>\n          <div class=\"shape-layer colibri-shape-two-circles\" style=\"background-position: center center; background-size: cover; background-repeat: no-repeat; filter: invert(0%);\"><\/div>\n        <\/div>\n      <\/div>\n      <div class=\"background-layer background-layer-media-container\">\n        <!---->\n        <div class=\"overlay-layer\">\n          <div class=\"overlay-image-layer\" style=\"background-color: rgb(247, 144, 7); opacity: 0.5;\"><\/div>\n          <div class=\"shape-layer colibri-shape-two-circles\" style=\"background-position: center center; background-size: cover; background-repeat: no-repeat; filter: invert(0%);\"><\/div>\n        <\/div>\n      <\/div>\n    <\/div>\n    <!---->\n    <div class=\"h-section-grid-container h-section-boxed-container\">\n      <!---->\n      <div data-colibri-id=\"822-c10\" class=\"h-row-container gutters-row-lg-2 gutters-row-md-2 gutters-row-0 gutters-row-v-lg-2 gutters-row-v-md-2 gutters-row-v-2 style-1172 style-local-822-c10 position-relative\">\n        <!---->\n        <div class=\"h-row justify-content-lg-center justify-content-md-center justify-content-center align-items-lg-stretch align-items-md-stretch align-items-stretch gutters-col-lg-2 gutters-col-md-2 gutters-col-0 gutters-col-v-lg-2 gutters-col-v-md-2 gutters-col-v-2\">\n          <!---->\n          <div class=\"h-column h-column-container d-flex h-col-lg-auto h-col-md-auto h-col-auto style-1173-outer style-local-822-c11-outer\">\n            <div data-colibri-id=\"822-c11\" class=\"d-flex h-flex-basis h-column__inner h-px-lg-2 h-px-md-2 h-px-2 v-inner-lg-2 v-inner-md-2 v-inner-2 style-1173 style-local-822-c11 position-relative\">\n              <!---->\n              <!---->\n              <div class=\"w-100 h-y-container h-column__content h-column__v-align flex-basis-100 align-self-lg-start align-self-md-start align-self-start\">\n                <!---->\n                <div data-colibri-id=\"822-c12\" class=\"h-text h-text-component style-1174 style-local-822-c12 position-relative h-element\">\n                  <!---->\n                  <!---->\n                  <div class=\"\">\n                    <p>Vous cherchez un <strong>artisan peintre Toulouse <\/strong>pour r\u00e9aliser des travaux de peinture de qualit\u00e9 professionnelle ?&nbsp;<\/p>\n                    <p>L\u2019entreprise DEMLP, sp\u00e9cialis\u00e9e dans la r\u00e9novation int\u00e9rieure et ext\u00e9rieure, vous accompagne pour tous vos projets de peinture. Nous pouvons travailler avec vous pour la r\u00e9novation d\u2019une ou plusieurs pi\u00e8ces ou espaces. Gr\u00e2ce \u00e0 notre\n                      savoir-faire et notre expertise, nous vous garantissons des finitions soign\u00e9es, durables et adapt\u00e9es \u00e0 vos besoins. DEMLP s\u2019engage \u00e0 utiliser des peintures de qualit\u00e9, fabriqu\u00e9e en France, pour vous garantir une tenue longue dur\u00e9e\n                      et un rendu esth\u00e9tique de qualit\u00e9.<\/p>\n                  <\/div>\n                <\/div>\n              <\/div>\n            <\/div>\n          <\/div>\n        <\/div>\n      <\/div>\n      <div data-colibri-id=\"822-c3\" class=\"h-row-container gutters-row-lg-0 gutters-row-md-0 gutters-row-2 gutters-row-v-lg-0 gutters-row-v-md-0 gutters-row-v-0 style-791 style-local-822-c3 position-relative\">\n        <!---->\n        <div class=\"h-row justify-content-lg-center justify-content-md-center justify-content-center align-items-lg-stretch align-items-md-stretch align-items-stretch gutters-col-lg-0 gutters-col-md-0 gutters-col-2 gutters-col-v-lg-0 gutters-col-v-md-0 gutters-col-v-0\">\n          <!---->\n          <div class=\"h-column h-column-container d-flex h-col-lg-auto h-col-md-auto h-col-auto style-792-outer style-local-822-c4-outer\">\n            <div data-colibri-id=\"822-c4\" class=\"d-flex h-flex-basis h-column__inner h-ui-empty-state-container h-px-lg-0 h-px-md-0 h-px-0 v-inner-lg-0 v-inner-md-0 v-inner-0 style-792 style-local-822-c4 position-relative\">\n              <!---->\n              <!---->\n              <div class=\"w-100 h-y-container h-column__content h-column__v-align flex-basis-100\">\n                <!---->\n              <\/div>\n            <\/div>\n          <\/div>\n          <div class=\"h-column h-column-container d-flex h-col-lg-auto h-col-md-auto h-col-auto style-793-outer style-local-822-c5-outer\">\n            <div data-colibri-id=\"822-c5\" class=\"d-flex h-flex-basis h-column__inner h-px-lg-2 h-px-md-2 h-px-0 v-inner-lg-2 v-inner-md-2 v-inner-0 style-793 style-local-822-c5 position-relative\">\n              <!---->\n              <!---->\n              <div class=\"w-100 h-y-container h-column__content h-column__v-align flex-basis-100 align-self-lg-center align-self-md-center align-self-center\">\n                <!---->\n                <div data-colibri-id=\"822-c6\" class=\"h-text h-text-component style-1045 style-local-822-c6 position-relative h-element\">\n                  <!---->\n                  <!---->\n                  <div class=\"\">\n                    <h2><span style=\"font-size: 55%;\">Un peintre en b\u00e2timent \u00e0 Toulouse au service de votre projet<\/span><\/h2>\n                    <p>En tant que peintre en b\u00e2timent Toulouse, DEMLP propose une gamme compl\u00e8te de services pour vos travaux de peinture. Nous r\u00e9alisons tous vos projets de peinture des murs et des plafonds \u00e0 l\u2019int\u00e9rieur ou \u00e0 l\u2019ext\u00e9rieur de votre logement.&nbsp;<\/p>\n                    <p>Nous intervenons pour la peinture de murs, plafonds, boiseries et ferronneries. Nous nous occupons de rendre les murs impeccables avant de poser la peinture afin d\u2019obtenir un rendu lisse et propre. Nos peintres en b\u00e2timents se d\u00e9placent\n                      chez vous \u00e0 Toulouse et aux alentours pour r\u00e9aliser vos projets de r\u00e9novation.<\/p>\n                    <p>Nos artisans peintres ma\u00eetrisent diff\u00e9rentes techniques de peinture pour r\u00e9pondre \u00e0 toutes vos attentes. Que vous pr\u00e9f\u00e9riez une peinture classique, mate ou satin\u00e9e, ou encore des effets plus d\u00e9coratifs. Si vous avez besoin de conseils,\n                      n\u2019h\u00e9sitez pas \u00e0 nous contacter.<\/p>\n                  <\/div>\n                <\/div>\n                <div data-colibri-id=\"822-c7\" class=\"h-text h-text-component style-1045 style-local-822-c7 position-relative h-element\">\n                  <!---->\n                  <!---->\n                  <div class=\"\">\n                    <h2><span style=\"font-size: 55%;\">Une \u00e9quipe d\u2019artisans qualifi\u00e9s pour des finitions impeccables<\/span><\/h2>\n                    <p>Chez DEMLP, nous accordons une grande importance \u00e0 la pr\u00e9paration des surfaces avant l\u2019application de la peinture. Le ratissage des murs et plafonds, le pon\u00e7age, ainsi que l&rsquo;application de sous-couches adapt\u00e9es sont essentiels pour\n                      garantir un rendu esth\u00e9tique optimal et durable. Gr\u00e2ce \u00e0 notre rigueur et \u00e0 notre professionnalisme, nous vous assurons des travaux r\u00e9alis\u00e9s dans les r\u00e8gles de l\u2019art, avec un chantier propre et une livraison dans les d\u00e9lais convenus.\n                      Faites confiance \u00e0 nos artisans peintres Toulouse pour vos travaux.<\/p>\n                    <p>Nous travaillons avec des mat\u00e9riaux de qualit\u00e9 pour assurer une longue dur\u00e9e de vie \u00e0 vos rev\u00eatements, tout en prenant soin de choisir des peintures respectueuses de l\u2019environnement.<\/p>\n                    <p>\n                      <br>\n                    <\/p>\n                    <h2><span style=\"font-size: 55%;\">Faites confiance \u00e0 DEMLP pour vos travaux de peinture \u00e0 Toulouse et alentours<\/span><\/h2>\n                    <p>Install\u00e9e \u00e0 Toulouse et active dans toute la Haute-Garonne, l\u2019entreprise DEMLP s\u2019engage \u00e0 proposer des prestations de peinture \u00e0 ses clients. Nous travaillons aussi bien avec des particuliers, qu\u2019avec des professionnels. En choisissant\n                      DEMLP comme artisan peintre \u00e0 Toulouse, vous optez pour une \u00e9quipe comp\u00e9tente et \u00e0 l\u2019\u00e9coute de vos besoins. Contactez-nous, et travaillons ensemble pour transformer vos espaces en v\u00e9ritables lieux de vie confortables et esth\u00e9tiques.<\/p>\n                    <p>Pour vos travaux de peinture, faites confiance \u00e0 DEMLP et b\u00e9n\u00e9ficiez d\u2019un service personnalis\u00e9, d\u2019un accompagnement complet, et d\u2019une qualit\u00e9 de r\u00e9alisation professionnelle.<\/p>\n                  <\/div>\n                <\/div>\n                <div data-colibri-id=\"822-c8\" class=\"h-x-container style-801 style-local-822-c8 position-relative h-element\">\n                  <!---->\n                  <div class=\"h-x-container-inner style-dynamic-822-c8-group style-801-spacing style-local-822-c8-spacing\"><span class=\"h-button__outer style-802-outer style-local-822-c9-outer d-inline-flex h-element\"><a h-use-smooth-scroll=\"true\" href=\"https:\/\/demlp-renovation.fr\/index.php\/contact\/\"  data-colibri-id=\"822-c9\" class=\"d-flex w-100 align-items-center h-button justify-content-lg-center justify-content-md-center justify-content-center style-802 style-local-822-c9 position-relative\"><!----><!----> <span>DEMANDEZ VOTRE DEVIS<\/span><\/a>\n                    <\/span>\n                  <\/div>\n                <\/div>\n              <\/div>\n            <\/div>\n          <\/div>\n        <\/div>\n      <\/div>\n    <\/div>\n  <\/div>\n<\/div>","protected":false},"excerpt":{"rendered":"<p>Vous cherchez un artisan peintre Toulouse pour r\u00e9aliser des travaux de peinture de qualit\u00e9 professionnelle ?&nbsp; L\u2019entreprise DEMLP, sp\u00e9cialis\u00e9e dans la r\u00e9novation int\u00e9rieure et ext\u00e9rieure, vous accompagne pour tous vos projets de peinture. Nous pouvons travailler avec vous pour la r\u00e9novation d\u2019une ou plusieurs pi\u00e8ces ou espaces. Gr\u00e2ce \u00e0 notre savoir-faire et notre expertise, nous [&hellip;]<\/p>\n","protected":false},"author":1,"featured_media":0,"parent":0,"menu_order":0,"comment_status":"closed","ping_status":"closed","template":"page-templates\/full-width-page.php","meta":{"footnotes":""},"class_list":["post-822","page","type-page","status-publish","hentry"],"_links":{"self":[{"href":"https:\/\/demlp-renovation.fr\/index.php\/wp-json\/wp\/v2\/pages\/822","targetHints":{"allow":["GET"]}}],"collection":[{"href":"https:\/\/demlp-renovation.fr\/index.php\/wp-json\/wp\/v2\/pages"}],"about":[{"href":"https:\/\/demlp-renovation.fr\/index.php\/wp-json\/wp\/v2\/types\/page"}],"author":[{"embeddable":true,"href":"https:\/\/demlp-renovation.fr\/index.php\/wp-json\/wp\/v2\/users\/1"}],"replies":[{"embeddable":true,"href":"https:\/\/demlp-renovation.fr\/index.php\/wp-json\/wp\/v2\/comments?post=822"}],"version-history":[{"count":8,"href":"https:\/\/demlp-renovation.fr\/index.php\/wp-json\/wp\/v2\/pages\/822\/revisions"}],"predecessor-version":[{"id":1636,"href":"https:\/\/demlp-renovation.fr\/index.php\/wp-json\/wp\/v2\/pages\/822\/revisions\/1636"}],"wp:attachment":[{"href":"https:\/\/demlp-renovation.fr\/index.php\/wp-json\/wp\/v2\/media?parent=822"}],"curies":[{"name":"wp","href":"https:\/\/api.w.org\/{rel}","templated":true}]}}