{"id":684,"date":"2023-10-24T21:33:55","date_gmt":"2023-10-24T19:33:55","guid":{"rendered":"https:\/\/demlp-renovation.fr\/index.php\/exterieur-2\/"},"modified":"2023-12-12T16:12:38","modified_gmt":"2023-12-12T15:12:38","slug":"exterieur-2","status":"publish","type":"page","link":"https:\/\/demlp-renovation.fr\/index.php\/exterieur-2\/","title":{"rendered":"Ext\u00e9rieur"},"content":{"rendered":"<div data-colibri-id=\"684-c1\" class=\"style-773 style-local-684-c1 position-relative\">\n  <!---->\n  <div data-colibri-component=\"section\" data-colibri-id=\"684-c2\" id=\"contact\" class=\"h-section h-section-global-spacing d-flex align-items-lg-center align-items-md-center align-items-center style-774 style-local-684-c2 position-relative\">\n    <!---->\n    <!---->\n    <div class=\"h-section-grid-container h-section-boxed-container\">\n      <!---->\n      <div data-colibri-id=\"684-c3\" class=\"h-row-container gutters-row-lg-0 gutters-row-md-0 gutters-row-0 gutters-row-v-lg-0 gutters-row-v-md-0 gutters-row-v-0 style-775 style-local-684-c3 position-relative\">\n        <!---->\n        <div class=\"h-row justify-content-lg-center justify-content-md-center justify-content-center align-items-lg-stretch align-items-md-stretch align-items-stretch gutters-col-lg-0 gutters-col-md-0 gutters-col-0 gutters-col-v-lg-0 gutters-col-v-md-0 gutters-col-v-0\">\n          <!---->\n          <div class=\"h-column h-column-container d-flex h-col-lg-auto h-col-md-auto h-col-auto style-776-outer style-local-684-c4-outer\">\n            <div data-colibri-id=\"684-c4\" class=\"d-flex h-flex-basis h-column__inner h-ui-empty-state-container h-px-lg-0 h-px-md-0 h-px-0 v-inner-lg-0 v-inner-md-0 v-inner-0 style-776 style-local-684-c4 position-relative\">\n              <div class=\"background-wrapper\">\n                <div class=\"background-layer background-layer-media-container-lg\">\n                  <!---->\n                  <div class=\"overlay-layer\">\n                    <div class=\"overlay-image-layer\" style=\"background-image: linear-gradient(90deg, rgba(255, 255, 255, 0) 70%, rgb(255, 255, 255) 100%);\"><\/div>\n                  <\/div>\n                <\/div>\n                <div class=\"background-layer background-layer-media-container-md\">\n                  <!---->\n                  <div class=\"overlay-layer\">\n                    <div class=\"overlay-image-layer\" style=\"background-image: linear-gradient(90deg, rgba(255, 255, 255, 0) 70%, rgb(255, 255, 255) 100%);\"><\/div>\n                  <\/div>\n                <\/div>\n                <div class=\"background-layer background-layer-media-container\">\n                  <!---->\n                  <div class=\"overlay-layer\">\n                    <div class=\"overlay-image-layer\" style=\"background-image: linear-gradient(90deg, rgba(255, 255, 255, 0) 70%, rgb(255, 255, 255) 100%);\"><\/div>\n                  <\/div>\n                <\/div>\n              <\/div>\n              <!---->\n              <div class=\"w-100 h-y-container h-column__content h-column__v-align flex-basis-100\">\n                <!---->\n              <\/div>\n            <\/div>\n          <\/div>\n          <div class=\"h-column h-column-container d-flex h-col-lg-auto h-col-md-auto h-col-auto style-777-outer style-local-684-c5-outer\">\n            <div data-colibri-id=\"684-c5\" class=\"d-flex h-flex-basis h-column__inner h-px-lg-3 h-px-md-3 h-px-3 v-inner-lg-3 v-inner-md-3 v-inner-3 style-777 style-local-684-c5 position-relative\">\n              <!---->\n              <!---->\n              <div class=\"w-100 h-y-container h-column__content h-column__v-align flex-basis-100 align-self-lg-end align-self-md-end align-self-end\">\n                <!---->\n                <div data-colibri-id=\"684-c8\" class=\"h-text h-text-component style-1006 style-local-684-c8 position-relative h-element\">\n                  <!---->\n                  <!---->\n                  <div class=\"\">\n                    <p>Vous avez des travaux d&rsquo;ext\u00e9rieur \u00e0 pr\u00e9voir ?<\/p>\n                    <p>Remplissez le formulaire ci-dessous en donnant un maximum d&rsquo;informations, nous reviendrons rapidement vers vous !\n                      <br>\n                    <\/p>\n                  <\/div>\n                <\/div>\n                <div data-colibri-id=\"684-c7\" class=\"h-contact-form__outer--forminator style-779 style-local-684-c7 position-relative h-element\">\n                  <!---->\n                  <div class=\"h-global-transition-all h-global-transition h-global-transition-all h-contact-form-shortcode\"><div class=\"forminator-ui forminator-custom-form forminator-custom-form-694 forminator-design--default  forminator_ajax\" data-forminator-render=\"0\" data-form=\"forminator-module-694\" data-uid=\"69e596f297413\"><br\/><\/div><form\n\t\t\t\tid=\"forminator-module-694\"\n\t\t\t\tclass=\"forminator-ui forminator-custom-form forminator-custom-form-694 forminator-design--default  forminator_ajax\"\n\t\t\t\tmethod=\"post\"\n\t\t\t\tdata-forminator-render=\"0\"\n\t\t\t\tdata-form-id=\"694\"\n\t\t\t\t\n\t\t\t\tdata-design=\"default\"\n\t\t\t\t\n\t\t\t\t\n\t\t\t\t\n\t\t\t\tdata-grid=\"open\"\n\t\t\t\t\n\t\t\t\t\n\t\t\t\tstyle=\"display: none;\"\n\t\t\t\t\n\t\t\t\tdata-uid=\"69e596f297413\"\n\t\t\t><div role=\"alert\" aria-live=\"polite\" class=\"forminator-response-message forminator-error\" aria-hidden=\"true\"><\/div><div class=\"forminator-row\"><div id=\"name-1\" class=\"forminator-field-name forminator-col forminator-col-6 \"><div class=\"forminator-field\"><label for=\"forminator-field-name-1_69e596f297413\" class=\"forminator-label\" id=\"forminator-field-name-1_69e596f297413-label\">Nom <span class=\"forminator-required\">*<\/span><\/label><input type=\"text\" name=\"name-1\" value=\"\" placeholder=\"Par exemple\u00a0: Jacques Martin\" id=\"forminator-field-name-1_69e596f297413\" class=\"forminator-input forminator-name--field\" aria-required=\"true\" \/><\/div><\/div><div id=\"text-2\" class=\"forminator-field-text forminator-col forminator-col-6 \"><div class=\"forminator-field\"><label for=\"forminator-field-text-2_69e596f297413\" class=\"forminator-label\" id=\"forminator-field-text-2_69e596f297413-label\">Code postal <span class=\"forminator-required\">*<\/span><\/label><input type=\"text\" name=\"text-2\" value=\"\" placeholder=\"Par exemple\u00a0: 31000\" id=\"forminator-field-text-2_69e596f297413\" class=\"forminator-input forminator-name--field\" data-required=\"1\" \/><\/div><\/div><\/div><div class=\"forminator-row\"><div id=\"email-1\" class=\"forminator-field-email forminator-col forminator-col-6 \"><div class=\"forminator-field\"><label for=\"forminator-field-email-1_69e596f297413\" class=\"forminator-label\" id=\"forminator-field-email-1_69e596f297413-label\">Adresse mail <span class=\"forminator-required\">*<\/span><\/label><input type=\"email\" name=\"email-1\" value=\"\" placeholder=\"Par exemple\u00a0: jacques@martin.com\" id=\"forminator-field-email-1_69e596f297413\" class=\"forminator-input forminator-email--field\" data-required=\"1\" aria-required=\"true\" \/><\/div><\/div><div id=\"phone-1\" class=\"forminator-field-phone forminator-col forminator-col-6 \"><div class=\"forminator-field\"><label for=\"forminator-field-phone-1_69e596f297413\" class=\"forminator-label\" id=\"forminator-field-phone-1_69e596f297413-label\">T\u00e9l\u00e9phone <span class=\"forminator-required\">*<\/span><\/label><input type=\"text\" name=\"phone-1\" value=\"\" placeholder=\"06 12 34 56 78\" id=\"forminator-field-phone-1_69e596f297413\" class=\"forminator-input forminator-field--phone\" data-required=\"1\" aria-required=\"true\" autocomplete=\"off\" \/><\/div><\/div><\/div><div class=\"forminator-row\"><div id=\"checkbox-1\" class=\"forminator-field-checkbox forminator-col forminator-col-12 \"><div role=\"group\" class=\"forminator-field required\" aria-labelledby=\"forminator-checkbox-group-69e596f297413-label\"><h4 id=\"forminator-checkbox-group-69e596f297413-label\" class=\"forminator-label\">Travaux pr\u00e9vus <span class=\"forminator-required\">*<\/span><\/h4><label id=\"forminator-field-checkbox-1-1-69e596f297413-label\" for=\"forminator-field-checkbox-1-1-69e596f297413\" class=\"forminator-checkbox\" title=\"Jardin\"><input type=\"checkbox\" name=\"checkbox-1[]\" value=\"jardin\" id=\"forminator-field-checkbox-1-1-69e596f297413\" aria-labelledby=\"forminator-field-checkbox-1-1-69e596f297413-label\" data-calculation=\"0\"   data-hidden-behavior=\"zero\" aria-describedby=\"forminator-field-checkbox-1-69e596f297413-description\"\/><span class=\"forminator-checkbox-box\" aria-hidden=\"true\"><\/span><span class=\"forminator-checkbox-label\">Jardin<\/span><\/label><label id=\"forminator-field-checkbox-1-2-69e596f297413-label\" for=\"forminator-field-checkbox-1-2-69e596f297413\" class=\"forminator-checkbox\" title=\"Terrasse\"><input type=\"checkbox\" name=\"checkbox-1[]\" value=\"terrasse\" id=\"forminator-field-checkbox-1-2-69e596f297413\" aria-labelledby=\"forminator-field-checkbox-1-2-69e596f297413-label\" data-calculation=\"0\"   data-hidden-behavior=\"zero\" aria-describedby=\"forminator-field-checkbox-1-69e596f297413-description\"\/><span class=\"forminator-checkbox-box\" aria-hidden=\"true\"><\/span><span class=\"forminator-checkbox-label\">Terrasse<\/span><\/label><label id=\"forminator-field-checkbox-1-3-69e596f297413-label\" for=\"forminator-field-checkbox-1-3-69e596f297413\" class=\"forminator-checkbox\" title=\"Parking\"><input type=\"checkbox\" name=\"checkbox-1[]\" value=\"parking\" id=\"forminator-field-checkbox-1-3-69e596f297413\" aria-labelledby=\"forminator-field-checkbox-1-3-69e596f297413-label\" data-calculation=\"0\"   data-hidden-behavior=\"zero\" aria-describedby=\"forminator-field-checkbox-1-69e596f297413-description\"\/><span class=\"forminator-checkbox-box\" aria-hidden=\"true\"><\/span><span class=\"forminator-checkbox-label\">Parking<\/span><\/label><label id=\"forminator-field-checkbox-1-4-69e596f297413-label\" for=\"forminator-field-checkbox-1-4-69e596f297413\" class=\"forminator-checkbox\" title=\"Cour\"><input type=\"checkbox\" name=\"checkbox-1[]\" value=\"cour\" id=\"forminator-field-checkbox-1-4-69e596f297413\" aria-labelledby=\"forminator-field-checkbox-1-4-69e596f297413-label\" data-calculation=\"0\"   data-hidden-behavior=\"zero\" aria-describedby=\"forminator-field-checkbox-1-69e596f297413-description\"\/><span class=\"forminator-checkbox-box\" aria-hidden=\"true\"><\/span><span class=\"forminator-checkbox-label\">Cour<\/span><\/label><label id=\"forminator-field-checkbox-1-5-69e596f297413-label\" for=\"forminator-field-checkbox-1-5-69e596f297413\" class=\"forminator-checkbox\" title=\"Fa\u00e7ades\"><input type=\"checkbox\" name=\"checkbox-1[]\" value=\"facades\" id=\"forminator-field-checkbox-1-5-69e596f297413\" aria-labelledby=\"forminator-field-checkbox-1-5-69e596f297413-label\" data-calculation=\"0\"   data-hidden-behavior=\"zero\" aria-describedby=\"forminator-field-checkbox-1-69e596f297413-description\"\/><span class=\"forminator-checkbox-box\" aria-hidden=\"true\"><\/span><span class=\"forminator-checkbox-label\">Fa\u00e7ades<\/span><\/label><label id=\"forminator-field-checkbox-1-6-69e596f297413-label\" for=\"forminator-field-checkbox-1-6-69e596f297413\" class=\"forminator-checkbox\" title=\"Ma\u00e7onnerie\"><input type=\"checkbox\" name=\"checkbox-1[]\" value=\"maconnerie\" id=\"forminator-field-checkbox-1-6-69e596f297413\" aria-labelledby=\"forminator-field-checkbox-1-6-69e596f297413-label\" data-calculation=\"0\"   data-hidden-behavior=\"zero\" aria-describedby=\"forminator-field-checkbox-1-69e596f297413-description\"\/><span class=\"forminator-checkbox-box\" aria-hidden=\"true\"><\/span><span class=\"forminator-checkbox-label\">Ma\u00e7onnerie<\/span><\/label><label id=\"forminator-field-checkbox-1-7-69e596f297413-label\" for=\"forminator-field-checkbox-1-7-69e596f297413\" class=\"forminator-checkbox\" title=\"Menuiserie\"><input type=\"checkbox\" name=\"checkbox-1[]\" value=\"menuiserie\" id=\"forminator-field-checkbox-1-7-69e596f297413\" aria-labelledby=\"forminator-field-checkbox-1-7-69e596f297413-label\" data-calculation=\"0\"   data-hidden-behavior=\"zero\" aria-describedby=\"forminator-field-checkbox-1-69e596f297413-description\"\/><span class=\"forminator-checkbox-box\" aria-hidden=\"true\"><\/span><span class=\"forminator-checkbox-label\">Menuiserie<\/span><\/label><label id=\"forminator-field-checkbox-1-8-69e596f297413-label\" for=\"forminator-field-checkbox-1-8-69e596f297413\" class=\"forminator-checkbox\" title=\"Autre\"><input type=\"checkbox\" name=\"checkbox-1[]\" value=\"autre\" id=\"forminator-field-checkbox-1-8-69e596f297413\" aria-labelledby=\"forminator-field-checkbox-1-8-69e596f297413-label\" data-calculation=\"0\"   data-hidden-behavior=\"zero\" aria-describedby=\"forminator-field-checkbox-1-69e596f297413-description\"\/><span class=\"forminator-checkbox-box\" aria-hidden=\"true\"><\/span><span class=\"forminator-checkbox-label\">Autre<\/span><\/label><span id=\"forminator-field-checkbox-1-69e596f297413-description\" class=\"forminator-description\">Choisissez la ou les pi\u00e8ces souhait\u00e9e(s) par les travaux<\/span><\/div><\/div><\/div><div class=\"forminator-row\"><div id=\"text-1\" class=\"forminator-field-text forminator-col forminator-col-12 \"><div class=\"forminator-field\"><label for=\"forminator-field-text-1_69e596f297413\" class=\"forminator-label\" id=\"forminator-field-text-1_69e596f297413-label\">Surface estim\u00e9e <span class=\"forminator-required\">*<\/span><\/label><input type=\"text\" name=\"text-1\" value=\"\" placeholder=\"\" id=\"forminator-field-text-1_69e596f297413\" class=\"forminator-input forminator-name--field\" data-required=\"1\" \/><\/div><\/div><\/div><div class=\"forminator-row\"><div id=\"textarea-1\" class=\"forminator-field-textarea forminator-col forminator-col-12 \"><div class=\"forminator-field\"><label for=\"forminator-field-textarea-1_69e596f297413\" id=\"forminator-field-textarea-1_69e596f297413-label\" class=\"forminator-label\">Description des travaux <span class=\"forminator-required\">*<\/span><\/label><textarea name=\"textarea-1\" placeholder=\"Par exemple\u00a0: Je souhaite cr\u00e9er une terrasse et rattraper du cr\u00e9pi sur un de mes murs.\" id=\"forminator-field-textarea-1_69e596f297413\" class=\"forminator-textarea\" rows=\"6\" style=\"min-height:140px;\" ><\/textarea><\/div><\/div><\/div><div class=\"forminator-row\"><div id=\"captcha-1\" class=\"forminator-field-captcha forminator-col forminator-col-12 \"><div class=\"forminator-g-recaptcha recaptcha-invisible\" data-theme=\"light\" data-badge=\"bottomright\" data-sitekey=\"6Lca0yQpAAAAAH8GlqUaEoYmxlD-pEBTrd3mCa8c\" data-size=\"invisible\"><\/div> <\/div><\/div><input type=\"hidden\" name=\"referer_url\" value=\"\" \/><div class=\"forminator-row forminator-row-last\"><div class=\"forminator-col\"><div class=\"forminator-field\"><button class=\"forminator-button forminator-button-submit\">Envoyer le message<\/button><\/div><\/div><\/div><input type=\"hidden\" id=\"forminator_nonce\" name=\"forminator_nonce\" value=\"f09201423a\" \/><input type=\"hidden\" name=\"_wp_http_referer\" value=\"\/index.php\/wp-json\/wp\/v2\/pages\/684\" \/><input type=\"hidden\" name=\"form_id\" value=\"694\"><input type=\"hidden\" name=\"page_id\" value=\"684\"><input type=\"hidden\" name=\"form_type\" value=\"default\"><input type=\"hidden\" name=\"current_url\" value=\"https:\/\/demlp-renovation.fr\/index.php\/exterieur-2\/\"><input type=\"hidden\" name=\"render_id\" value=\"0\"><input type=\"hidden\" name=\"action\" value=\"forminator_submit_form_custom-forms\"><\/form><\/div>\n                <\/div>\n              <\/div>\n            <\/div>\n          <\/div>\n        <\/div>\n      <\/div>\n    <\/div>\n  <\/div>\n<\/div>","protected":false},"excerpt":{"rendered":"<p>Vous avez des travaux d&rsquo;ext\u00e9rieur \u00e0 pr\u00e9voir ? Remplissez le formulaire ci-dessous en donnant un maximum d&rsquo;informations, nous reviendrons rapidement vers vous !<\/p>\n","protected":false},"author":1,"featured_media":0,"parent":0,"menu_order":0,"comment_status":"closed","ping_status":"closed","template":"page-templates\/full-width-page.php","meta":{"footnotes":""},"class_list":["post-684","page","type-page","status-publish","hentry"],"_links":{"self":[{"href":"https:\/\/demlp-renovation.fr\/index.php\/wp-json\/wp\/v2\/pages\/684","targetHints":{"allow":["GET"]}}],"collection":[{"href":"https:\/\/demlp-renovation.fr\/index.php\/wp-json\/wp\/v2\/pages"}],"about":[{"href":"https:\/\/demlp-renovation.fr\/index.php\/wp-json\/wp\/v2\/types\/page"}],"author":[{"embeddable":true,"href":"https:\/\/demlp-renovation.fr\/index.php\/wp-json\/wp\/v2\/users\/1"}],"replies":[{"embeddable":true,"href":"https:\/\/demlp-renovation.fr\/index.php\/wp-json\/wp\/v2\/comments?post=684"}],"version-history":[{"count":2,"href":"https:\/\/demlp-renovation.fr\/index.php\/wp-json\/wp\/v2\/pages\/684\/revisions"}],"predecessor-version":[{"id":1174,"href":"https:\/\/demlp-renovation.fr\/index.php\/wp-json\/wp\/v2\/pages\/684\/revisions\/1174"}],"wp:attachment":[{"href":"https:\/\/demlp-renovation.fr\/index.php\/wp-json\/wp\/v2\/media?parent=684"}],"curies":[{"name":"wp","href":"https:\/\/api.w.org\/{rel}","templated":true}]}}