{"id":1037,"date":"2023-11-30T18:35:11","date_gmt":"2023-11-30T17:35:11","guid":{"rendered":"https:\/\/demlp-renovation.fr\/?page_id=1037"},"modified":"2023-12-17T22:42:17","modified_gmt":"2023-12-17T21:42:17","slug":"remplacement-de-tuiles","status":"publish","type":"page","link":"https:\/\/demlp-renovation.fr\/index.php\/remplacement-de-tuiles\/","title":{"rendered":"Remplacement de tuiles"},"content":{"rendered":"<div data-colibri-id=\"1037-c1\" class=\"style-947 style-local-1037-c1 position-relative\">\n  <!---->\n  <div data-colibri-component=\"section\" data-colibri-id=\"1037-c2\" id=\"content\" class=\"h-section h-section-global-spacing d-flex align-items-lg-center align-items-md-center align-items-center style-948 style-local-1037-c2 position-relative\">\n    <div class=\"background-wrapper\">\n      <div class=\"background-layer background-layer-media-container-lg\">\n        <!---->\n        <div class=\"overlay-layer\">\n          <div class=\"overlay-image-layer\" style=\"background-color: rgb(255, 255, 255); opacity: 0.5;\"><\/div>\n          <div class=\"shape-layer colibri-shape-two-circles\" style=\"background-position: center center; background-size: cover; background-repeat: no-repeat; filter: invert(0%);\"><\/div>\n        <\/div>\n      <\/div>\n      <div class=\"background-layer background-layer-media-container-md\">\n        <!---->\n        <div class=\"overlay-layer\">\n          <div class=\"overlay-image-layer\" style=\"background-color: rgb(255, 255, 255); opacity: 0.5;\"><\/div>\n          <div class=\"shape-layer colibri-shape-two-circles\" style=\"background-position: center center; background-size: cover; background-repeat: no-repeat; filter: invert(0%);\"><\/div>\n        <\/div>\n      <\/div>\n      <div class=\"background-layer background-layer-media-container\">\n        <!---->\n        <div class=\"overlay-layer\">\n          <div class=\"overlay-image-layer\" style=\"background-color: rgb(255, 255, 255); opacity: 0.5;\"><\/div>\n          <div class=\"shape-layer colibri-shape-two-circles\" style=\"background-position: center center; background-size: cover; background-repeat: no-repeat; filter: invert(0%);\"><\/div>\n        <\/div>\n      <\/div>\n    <\/div>\n    <!---->\n    <div class=\"h-section-grid-container h-section-boxed-container\">\n      <!---->\n      <div data-colibri-id=\"1037-c3\" class=\"h-row-container gutters-row-lg-0 gutters-row-md-0 gutters-row-2 gutters-row-v-lg-0 gutters-row-v-md-0 gutters-row-v-0 style-949 style-local-1037-c3 position-relative\">\n        <!---->\n        <div class=\"h-row justify-content-lg-center justify-content-md-center justify-content-center align-items-lg-stretch align-items-md-stretch align-items-stretch gutters-col-lg-0 gutters-col-md-0 gutters-col-2 gutters-col-v-lg-0 gutters-col-v-md-0 gutters-col-v-0\">\n          <!---->\n          <div class=\"h-column h-column-container d-flex h-col-lg-auto h-col-md-auto h-col-auto style-950-outer style-local-1037-c4-outer\">\n            <div data-colibri-id=\"1037-c4\" class=\"d-flex h-flex-basis h-column__inner h-ui-empty-state-container h-px-lg-0 h-px-md-0 h-px-0 v-inner-lg-0 v-inner-md-0 v-inner-0 style-950 style-local-1037-c4 position-relative\">\n              <!---->\n              <!---->\n              <div class=\"w-100 h-y-container h-column__content h-column__v-align flex-basis-100\">\n                <!---->\n              <\/div>\n            <\/div>\n          <\/div>\n          <div class=\"h-column h-column-container d-flex h-col-lg-auto h-col-md-auto h-col-auto style-951-outer style-local-1037-c5-outer\">\n            <div data-colibri-id=\"1037-c5\" class=\"d-flex h-flex-basis h-column__inner h-px-lg-2 h-px-md-2 h-px-0 v-inner-lg-2 v-inner-md-2 v-inner-0 style-951 style-local-1037-c5 position-relative\">\n              <!---->\n              <!---->\n              <div class=\"w-100 h-y-container h-column__content h-column__v-align flex-basis-100 align-self-lg-center align-self-md-center align-self-center\">\n                <!---->\n                <div data-colibri-id=\"1037-c9\" class=\"h-global-transition-all h-heading style-1110 style-local-1037-c9 position-relative h-element\">\n                  <!---->\n                  <div class=\"h-heading__outer style-1110 style-local-1037-c9\">\n                    <!---->\n                    <!---->\n                    <h2 class=\"\"><em>PROTECTION TUILES<br><\/em><\/h2>\n                  <\/div>\n                <\/div>\n                <div data-colibri-id=\"1037-c6\" class=\"h-lead h-text h-text-component style-952 style-local-1037-c6 position-relative h-element\">\n                  <!---->\n                  <!---->\n                  <div class=\"\">\n                    <p>La mission principale de DEMLP est de remplacer les tuiles endommag\u00e9es ou us\u00e9es pour assurer la solidit\u00e9 et l&rsquo;\u00e9tanch\u00e9it\u00e9 des toits. Sp\u00e9cialis\u00e9e dans le remplacement de tuiles de divers types et formes, l&rsquo;\u00e9quipe qualifi\u00e9e de DEMLP excelle\n                      dans la r\u00e9paration des zones endommag\u00e9es, assurant une protection optimale contre les infiltrations et les dommages structurels.<\/p>\n                    <p>Les services de DEMLP couvrent un large \u00e9ventail de besoins en mati\u00e8re de remplacement de tuiles. Que ce soit pour remplacer des tuiles cass\u00e9es, fissur\u00e9es ou manquantes, l&rsquo;entreprise propose des solutions adapt\u00e9es \u00e0 chaque type de\n                      toiture, en veillant \u00e0 respecter l&rsquo;harmonie visuelle et la solidit\u00e9 structurelle.<\/p>\n                  <\/div>\n                <\/div>\n                <div data-colibri-id=\"1037-c10\" class=\"h-global-transition-all h-heading style-1111 style-local-1037-c10 position-relative h-element\">\n                  <!---->\n                  <div class=\"h-heading__outer style-1111 style-local-1037-c10\">\n                    <!---->\n                    <!---->\n                    <h2 class=\"\"><em>MA\u00ceTRISE DES TECHNIQUES<br><\/em><\/h2>\n                  <\/div>\n                <\/div>\n                <div data-colibri-id=\"1037-c11\" class=\"h-text h-text-component style-1112 style-local-1037-c11 position-relative h-element\">\n                  <!---->\n                  <!---->\n                  <div class=\"\">\n                    <p>La valeur ajout\u00e9e de DEMLP r\u00e9side dans sa ma\u00eetrise des techniques modernes de remplacement de tuiles. L&rsquo;entreprise utilise des tuiles de qualit\u00e9 sup\u00e9rieure, des m\u00e9thodes d&rsquo;installation pr\u00e9cises et une expertise approfondie pour garantir\n                      des r\u00e9sultats durables, pr\u00e9servant l&rsquo;int\u00e9grit\u00e9 et la long\u00e9vit\u00e9 des toitures.<\/p>\n                    <p>Outre son expertise technique, DEMLP accorde une grande importance \u00e0 la satisfaction du client. Chaque projet est r\u00e9alis\u00e9 avec un engagement total envers la qualit\u00e9 du travail, la pr\u00e9cision des remplacements et la r\u00e9alisation des attentes\n                      sp\u00e9cifiques du client en termes de fonctionnalit\u00e9 et d&rsquo;esth\u00e9tique des toitures.<\/p>\n                  <\/div>\n                <\/div>\n                <div data-colibri-id=\"1037-c12\" class=\"h-global-transition-all h-heading style-1113 style-local-1037-c12 position-relative h-element\">\n                  <!---->\n                  <div class=\"h-heading__outer style-1113 style-local-1037-c12\">\n                    <!---->\n                    <!---->\n                    <h2 class=\"\">SECURITE DES TRAVAUX<\/h2>\n                  <\/div>\n                <\/div>\n                <div data-colibri-id=\"1037-c13\" class=\"h-text h-text-component style-1114 style-local-1037-c13 position-relative h-element\">\n                  <!---->\n                  <!---->\n                  <div class=\"\">\n                    <p>La s\u00e9curit\u00e9 est une priorit\u00e9 majeure pour DEMLP. L&rsquo;entreprise met en place des protocoles rigoureux pour garantir la s\u00e9curit\u00e9 de son personnel, des clients et des lieux de travail pendant chaque op\u00e9ration de remplacement de tuiles.<\/p>\n                    <p>DEMLP entretient des relations solides avec ses clients gr\u00e2ce \u00e0 une communication transparente et une approche collaborative. L&rsquo;\u00e9quipe travaille en \u00e9troite collaboration avec les clients pour comprendre leurs besoins sp\u00e9cifiques et\n                      offrir des solutions personnalis\u00e9es qui d\u00e9passent leurs attentes.<\/p>\n                    <p>En conclusion, DEMLP demeure un leader dans le remplacement de tuiles. Gr\u00e2ce \u00e0 son expertise technique, son engagement envers la qualit\u00e9 du service et la satisfaction du client, ainsi que sa volont\u00e9 constante de maintenir des normes\n                      \u00e9lev\u00e9es, l&rsquo;entreprise continue de d\u00e9finir de nouveaux standards dans la r\u00e9novation et la pr\u00e9servation des toitures.<\/p>\n                  <\/div>\n                <\/div>\n                <div data-colibri-id=\"1037-c7\" class=\"h-x-container style-953 style-local-1037-c7 position-relative h-element\">\n                  <!---->\n                  <div class=\"h-x-container-inner style-dynamic-1037-c7-group style-953-spacing style-local-1037-c7-spacing\"><span class=\"h-button__outer style-954-outer style-local-1037-c8-outer d-inline-flex h-element\"><a h-use-smooth-scroll=\"true\" href=\"https:\/\/demlp-renovation.fr\/index.php\/toiture\/\"  data-colibri-id=\"1037-c8\" class=\"d-flex w-100 align-items-center h-button justify-content-lg-center justify-content-md-center justify-content-center style-954 style-local-1037-c8 position-relative\"><!----><!----> <span>DEMANDEZ VOTRE DEVIS<\/span><\/a>\n                    <\/span>\n                  <\/div>\n                <\/div>\n              <\/div>\n            <\/div>\n          <\/div>\n        <\/div>\n      <\/div>\n    <\/div>\n  <\/div>\n<\/div>","protected":false},"excerpt":{"rendered":"<p>PROTECTION TUILES La mission principale de DEMLP est de remplacer les tuiles endommag\u00e9es ou us\u00e9es pour assurer la solidit\u00e9 et l&rsquo;\u00e9tanch\u00e9it\u00e9 des toits. Sp\u00e9cialis\u00e9e dans le remplacement de tuiles de divers types et formes, l&rsquo;\u00e9quipe qualifi\u00e9e de DEMLP excelle dans la r\u00e9paration des zones endommag\u00e9es, assurant une protection optimale contre les infiltrations et les dommages [&hellip;]<\/p>\n","protected":false},"author":1,"featured_media":0,"parent":0,"menu_order":0,"comment_status":"closed","ping_status":"closed","template":"page-templates\/full-width-page.php","meta":{"footnotes":""},"class_list":["post-1037","page","type-page","status-publish","hentry"],"_links":{"self":[{"href":"https:\/\/demlp-renovation.fr\/index.php\/wp-json\/wp\/v2\/pages\/1037","targetHints":{"allow":["GET"]}}],"collection":[{"href":"https:\/\/demlp-renovation.fr\/index.php\/wp-json\/wp\/v2\/pages"}],"about":[{"href":"https:\/\/demlp-renovation.fr\/index.php\/wp-json\/wp\/v2\/types\/page"}],"author":[{"embeddable":true,"href":"https:\/\/demlp-renovation.fr\/index.php\/wp-json\/wp\/v2\/users\/1"}],"replies":[{"embeddable":true,"href":"https:\/\/demlp-renovation.fr\/index.php\/wp-json\/wp\/v2\/comments?post=1037"}],"version-history":[{"count":4,"href":"https:\/\/demlp-renovation.fr\/index.php\/wp-json\/wp\/v2\/pages\/1037\/revisions"}],"predecessor-version":[{"id":1424,"href":"https:\/\/demlp-renovation.fr\/index.php\/wp-json\/wp\/v2\/pages\/1037\/revisions\/1424"}],"wp:attachment":[{"href":"https:\/\/demlp-renovation.fr\/index.php\/wp-json\/wp\/v2\/media?parent=1037"}],"curies":[{"name":"wp","href":"https:\/\/api.w.org\/{rel}","templated":true}]}}